{"id":2744,"date":"2022-09-30T13:48:17","date_gmt":"2022-09-30T11:48:17","guid":{"rendered":"https:\/\/www.campingelpino.com\/politica-de-cookies\/"},"modified":"2023-06-23T13:32:11","modified_gmt":"2023-06-23T11:32:11","slug":"cookies-beleid","status":"publish","type":"page","link":"https:\/\/www.campingelpino.com\/nl\/cookies-beleid\/","title":{"rendered":"Cookies beleid"},"content":{"rendered":"<section class=\"l-section wpb_row us_custom_8d0d5162 header has_text_color height_large\"><div class=\"l-section-h i-cf\"><div class=\"g-cols vc_row via_flex valign_bottom type_default stacking_default\"><div class=\"vc_col-sm-12 wpb_column vc_column_container\"><div class=\"vc_column-inner\"><div class=\"wpb_wrapper\">[vc_custom_heading text=&#8221;Pol\u00edtica de cookies&#8221; font_container=&#8221;tag:h1|text_align:left&#8221; use_theme_fonts=&#8221;yes&#8221;]<\/div><\/div><\/div><\/div><\/div><\/section><section class=\"l-section wpb_row height_large\"><div class=\"l-section-h i-cf\"><div class=\"g-cols vc_row via_flex valign_top type_default stacking_default\"><div class=\"vc_col-sm-12 wpb_column vc_column_container\"><div class=\"vc_column-inner\"><div class=\"wpb_wrapper\"><div class=\"wpb_text_column\"><div class=\"wpb_wrapper\"><p><strong>CONCEPTO DE COOKIES<\/strong><\/p>\n<p>Durante la navegaci\u00f3n a trav\u00e9s de la nuestra Web es posible que recopilemos informaci\u00f3n relativa al flujo del tr\u00e1fico as\u00ed como a patrones de visita de las P\u00e1ginas de nuestro dominio. Dicha informaci\u00f3n ser\u00e1 tratada a trav\u00e9s de cookies (peque\u00f1as cantidades de informaci\u00f3n en formato texto que la P\u00e1gina env\u00eda al ordenador o equipo del Usuario mientras visita la misma).<\/p>\n<p>El objetivo de la utilizaci\u00f3n de las Cookies es personalizar el acceso a la P\u00e1gina con el prop\u00f3sito de mejorar la navegaci\u00f3n y sus condiciones de funcionalidad.<\/p>\n<p>En PROVAJI.S.L. cumplimos con lo dispuesto en la Ley de Servicios de la Sociedad de la Informaci\u00f3n, norma que ha recogido la transposici\u00f3n de la Directiva 2009\/136\/CE, conocida como \u201cLey de Cookies\u201d.<\/p>\n<p>Una cookie es un peque\u00f1o archivo de texto, que se almacena en el ordenador, tablet, tel\u00e9fono m\u00f3vil o en definitiva, en el dispositivo que utilice para navegar a trav\u00e9s de Internet, y que puede guardar informaci\u00f3n relativa a la frecuencia con la que visita las p\u00e1ginas web, sus preferencias de navegaci\u00f3n, la informaci\u00f3n que m\u00e1s le interesa, nombres de usuario, registrar productos, etc.<\/p>\n<p>En nuestro caso, las cookies que utilizamos en nuestra web no recopilan informaci\u00f3n que le identifique de forma personal.<\/p>\n<p><strong>TIPOS DE COOKIES<\/strong><\/p>\n<p>En funci\u00f3n de su naturaleza, las cookies pueden clasificarse en:<br \/>\n\u201cCookies de sesi\u00f3n\u201d o \u201cCookies Persistentes\u201d: las primeras son eliminadas al cerrar el navegador, mientras que las segundas permanecen en el equipo inform\u00e1tico.<br \/>\n\u201cCookies propias\u201d o \u201cCookies de tercero\u201d: en funci\u00f3n de si pertenecen al propio titular de la web, o a un tercero.<\/p>\n<p><strong>\u00bfC\u00d3MO RECHAZAR LAS COOKIES?<\/strong><\/p>\n<p>Puede configurar su navegador para aceptar o rechazar la instalaci\u00f3n de todas, o alg\u00fan tipo de cookie, o para solicitar que se le notifique cu\u00e1ndo se coloca una cookie.<\/p>\n<p>Cada navegador dispone de unas instrucciones espec\u00edficas de configuraci\u00f3n. A continuaci\u00f3n les proporcionamos los enlaces con la informaci\u00f3n concerniente a los navegadores m\u00e1s habituales:<\/p>\n<p>\u2022 <a href=\"https:\/\/support.google.com\/chrome\/answer\/95647?co=GENIE.Platform%3DDesktop&amp;hl=es\" target=\"_blank\" rel=\"noopener\">Google Chrome<\/a><\/p>\n<p>\u2022 <a href=\"https:\/\/support.mozilla.org\/es\/kb\/habilitar-y-deshabilitar-cookies-sitios-web-rastrear-preferencias\" target=\"_blank\" rel=\"noopener\">Mozilla Firefox<\/a><\/p>\n<p>\u2022 <a href=\"https:\/\/support.apple.com\/es-es\/guide\/safari\/sfri11471\/mac\" target=\"_blank\" rel=\"noopener\">Safari<\/a><\/p>\n<p>\u2022 <a href=\"https:\/\/support.microsoft.com\/es-es\/microsoft-edge\/administrar-cookies-y-datos-de-sitios-web-en-microsoft-edge-63947406-40ba-9fe3-832b-5c13ec457782\" target=\"_blank\" rel=\"noopener\">Microsoft Edge<\/a><\/p>\n<p><strong>CAMBIOS EN LA POLITICA DE COOKIES<\/strong><\/p>\n<p>Es posible que actualicemos la Pol\u00edtica de Cookies de nuestro Sitio Web, por ello le recomendamos revisar esta pol\u00edtica cada vez que acceda a nuestro Sitio Web con el objetivo de estar adecuadamente informado sobre c\u00f3mo y para qu\u00e9 usamos las cookies.<\/p>\n<\/div><\/div><\/div><\/div><\/div><\/div><\/div><\/section>\n","protected":false},"excerpt":{"rendered":"[vc_custom_heading text=\"Pol\u00edtica de cookies\" font_container=\"tag:h1|text_align:left\" use_theme_fonts=\"yes\"]CONCEPTO DE COOKIES Durante la navegaci\u00f3n a trav\u00e9s de la nuestra Web es posible que recopilemos informaci\u00f3n relativa al flujo del tr\u00e1fico as\u00ed como a patrones de visita de las P\u00e1ginas de nuestro dominio. Dicha informaci\u00f3n ser\u00e1 tratada a trav\u00e9s de cookies (peque\u00f1as cantidades de informaci\u00f3n en formato texto que...","protected":false},"author":1,"featured_media":0,"parent":0,"menu_order":0,"comment_status":"closed","ping_status":"open","template":"","meta":{"_acf_changed":false,"footnotes":""},"class_list":["post-2744","page","type-page","status-publish","hentry"],"acf":[],"yoast_head":"<!-- This site is optimized with the Yoast SEO plugin v27.2 - https:\/\/yoast.com\/product\/yoast-seo-wordpress\/ -->\n<title>Cookies beleid | Camping el Pino<\/title>\n<meta name=\"robots\" content=\"noindex, follow\" \/>\n<meta property=\"og:locale\" content=\"nl_NL\" \/>\n<meta property=\"og:type\" content=\"article\" \/>\n<meta property=\"og:title\" content=\"Cookies beleid | Camping el Pino\" \/>\n<meta property=\"og:url\" content=\"https:\/\/www.campingelpino.com\/nl\/cookies-beleid\/\" \/>\n<meta property=\"og:site_name\" content=\"Camping el Pino\" \/>\n<meta property=\"article:modified_time\" content=\"2023-06-23T11:32:11+00:00\" \/>\n<meta property=\"og:image\" content=\"https:\/\/www.campingelpino.com\/wp-content\/uploads\/2023\/05\/bungalow1.jpg\" \/>\n\t<meta property=\"og:image:width\" content=\"1300\" \/>\n\t<meta property=\"og:image:height\" content=\"867\" \/>\n\t<meta property=\"og:image:type\" content=\"image\/jpeg\" \/>\n<meta name=\"twitter:card\" content=\"summary_large_image\" \/>\n<meta name=\"twitter:label1\" content=\"Geschatte leestijd\" \/>\n\t<meta name=\"twitter:data1\" content=\"2 minuten\" \/>\n<script type=\"application\/ld+json\" class=\"yoast-schema-graph\">{\"@context\":\"https:\/\/schema.org\",\"@graph\":[{\"@type\":\"WebPage\",\"@id\":\"https:\/\/www.campingelpino.com\/nl\/cookies-beleid\/\",\"url\":\"https:\/\/www.campingelpino.com\/nl\/cookies-beleid\/\",\"name\":\"Cookies beleid | Camping el Pino\",\"isPartOf\":{\"@id\":\"https:\/\/www.campingelpino.com\/nl\/#website\"},\"datePublished\":\"2022-09-30T11:48:17+00:00\",\"dateModified\":\"2023-06-23T11:32:11+00:00\",\"breadcrumb\":{\"@id\":\"https:\/\/www.campingelpino.com\/nl\/cookies-beleid\/#breadcrumb\"},\"inLanguage\":\"nl-NL\",\"potentialAction\":[{\"@type\":\"ReadAction\",\"target\":[\"https:\/\/www.campingelpino.com\/nl\/cookies-beleid\/\"]}]},{\"@type\":\"BreadcrumbList\",\"@id\":\"https:\/\/www.campingelpino.com\/nl\/cookies-beleid\/#breadcrumb\",\"itemListElement\":[{\"@type\":\"ListItem\",\"position\":1,\"name\":\"Portada\",\"item\":\"https:\/\/www.campingelpino.com\/nl\/\"},{\"@type\":\"ListItem\",\"position\":2,\"name\":\"Cookies beleid\"}]},{\"@type\":\"WebSite\",\"@id\":\"https:\/\/www.campingelpino.com\/nl\/#website\",\"url\":\"https:\/\/www.campingelpino.com\/nl\/\",\"name\":\"Camping el Pino\",\"description\":\"\",\"publisher\":{\"@id\":\"https:\/\/www.campingelpino.com\/nl\/#organization\"},\"potentialAction\":[{\"@type\":\"SearchAction\",\"target\":{\"@type\":\"EntryPoint\",\"urlTemplate\":\"https:\/\/www.campingelpino.com\/nl\/?s={search_term_string}\"},\"query-input\":{\"@type\":\"PropertyValueSpecification\",\"valueRequired\":true,\"valueName\":\"search_term_string\"}}],\"inLanguage\":\"nl-NL\"},{\"@type\":\"Organization\",\"@id\":\"https:\/\/www.campingelpino.com\/nl\/#organization\",\"name\":\"Camping el Pino\",\"url\":\"https:\/\/www.campingelpino.com\/nl\/\",\"logo\":{\"@type\":\"ImageObject\",\"inLanguage\":\"nl-NL\",\"@id\":\"https:\/\/www.campingelpino.com\/nl\/#\/schema\/logo\/image\/\",\"url\":\"https:\/\/www.campingelpino.com\/wp-content\/uploads\/2023\/05\/logo-campingelpino-complete.png\",\"contentUrl\":\"https:\/\/www.campingelpino.com\/wp-content\/uploads\/2023\/05\/logo-campingelpino-complete.png\",\"width\":269,\"height\":150,\"caption\":\"Camping el Pino\"},\"image\":{\"@id\":\"https:\/\/www.campingelpino.com\/nl\/#\/schema\/logo\/image\/\"}}]}<\/script>\n<!-- \/ Yoast SEO plugin. -->","yoast_head_json":{"title":"Cookies beleid | Camping el Pino","robots":{"index":"noindex","follow":"follow"},"og_locale":"nl_NL","og_type":"article","og_title":"Cookies beleid | Camping el Pino","og_url":"https:\/\/www.campingelpino.com\/nl\/cookies-beleid\/","og_site_name":"Camping el Pino","article_modified_time":"2023-06-23T11:32:11+00:00","og_image":[{"width":1300,"height":867,"url":"https:\/\/www.campingelpino.com\/wp-content\/uploads\/2023\/05\/bungalow1.jpg","type":"image\/jpeg"}],"twitter_card":"summary_large_image","twitter_misc":{"Geschatte leestijd":"2 minuten"},"schema":{"@context":"https:\/\/schema.org","@graph":[{"@type":"WebPage","@id":"https:\/\/www.campingelpino.com\/nl\/cookies-beleid\/","url":"https:\/\/www.campingelpino.com\/nl\/cookies-beleid\/","name":"Cookies beleid | Camping el Pino","isPartOf":{"@id":"https:\/\/www.campingelpino.com\/nl\/#website"},"datePublished":"2022-09-30T11:48:17+00:00","dateModified":"2023-06-23T11:32:11+00:00","breadcrumb":{"@id":"https:\/\/www.campingelpino.com\/nl\/cookies-beleid\/#breadcrumb"},"inLanguage":"nl-NL","potentialAction":[{"@type":"ReadAction","target":["https:\/\/www.campingelpino.com\/nl\/cookies-beleid\/"]}]},{"@type":"BreadcrumbList","@id":"https:\/\/www.campingelpino.com\/nl\/cookies-beleid\/#breadcrumb","itemListElement":[{"@type":"ListItem","position":1,"name":"Portada","item":"https:\/\/www.campingelpino.com\/nl\/"},{"@type":"ListItem","position":2,"name":"Cookies beleid"}]},{"@type":"WebSite","@id":"https:\/\/www.campingelpino.com\/nl\/#website","url":"https:\/\/www.campingelpino.com\/nl\/","name":"Camping el Pino","description":"","publisher":{"@id":"https:\/\/www.campingelpino.com\/nl\/#organization"},"potentialAction":[{"@type":"SearchAction","target":{"@type":"EntryPoint","urlTemplate":"https:\/\/www.campingelpino.com\/nl\/?s={search_term_string}"},"query-input":{"@type":"PropertyValueSpecification","valueRequired":true,"valueName":"search_term_string"}}],"inLanguage":"nl-NL"},{"@type":"Organization","@id":"https:\/\/www.campingelpino.com\/nl\/#organization","name":"Camping el Pino","url":"https:\/\/www.campingelpino.com\/nl\/","logo":{"@type":"ImageObject","inLanguage":"nl-NL","@id":"https:\/\/www.campingelpino.com\/nl\/#\/schema\/logo\/image\/","url":"https:\/\/www.campingelpino.com\/wp-content\/uploads\/2023\/05\/logo-campingelpino-complete.png","contentUrl":"https:\/\/www.campingelpino.com\/wp-content\/uploads\/2023\/05\/logo-campingelpino-complete.png","width":269,"height":150,"caption":"Camping el Pino"},"image":{"@id":"https:\/\/www.campingelpino.com\/nl\/#\/schema\/logo\/image\/"}}]}},"_links":{"self":[{"href":"https:\/\/www.campingelpino.com\/nl\/wp-json\/wp\/v2\/pages\/2744","targetHints":{"allow":["GET"]}}],"collection":[{"href":"https:\/\/www.campingelpino.com\/nl\/wp-json\/wp\/v2\/pages"}],"about":[{"href":"https:\/\/www.campingelpino.com\/nl\/wp-json\/wp\/v2\/types\/page"}],"author":[{"embeddable":true,"href":"https:\/\/www.campingelpino.com\/nl\/wp-json\/wp\/v2\/users\/1"}],"replies":[{"embeddable":true,"href":"https:\/\/www.campingelpino.com\/nl\/wp-json\/wp\/v2\/comments?post=2744"}],"version-history":[{"count":2,"href":"https:\/\/www.campingelpino.com\/nl\/wp-json\/wp\/v2\/pages\/2744\/revisions"}],"predecessor-version":[{"id":3087,"href":"https:\/\/www.campingelpino.com\/nl\/wp-json\/wp\/v2\/pages\/2744\/revisions\/3087"}],"wp:attachment":[{"href":"https:\/\/www.campingelpino.com\/nl\/wp-json\/wp\/v2\/media?parent=2744"}],"curies":[{"name":"wp","href":"https:\/\/api.w.org\/{rel}","templated":true}]}}