{"id":2737,"date":"2022-09-30T13:44:00","date_gmt":"2022-09-30T11:44:00","guid":{"rendered":"https:\/\/www.campingelpino.com\/aviso-legal\/"},"modified":"2023-06-23T13:40:32","modified_gmt":"2023-06-23T11:40:32","slug":"wettelijke-waarschuwing","status":"publish","type":"page","link":"https:\/\/www.campingelpino.com\/nl\/wettelijke-waarschuwing\/","title":{"rendered":"Wettelijke Waarschuwing"},"content":{"rendered":"<section class=\"l-section wpb_row us_custom_8d0d5162 header has_text_color height_large\"><div class=\"l-section-h i-cf\"><div class=\"g-cols vc_row via_flex valign_bottom type_default stacking_default\"><div class=\"vc_col-sm-12 wpb_column vc_column_container\"><div class=\"vc_column-inner\"><div class=\"wpb_wrapper\">[vc_custom_heading text=&#8221;Aviso legal&#8221; font_container=&#8221;tag:h1|text_align:left&#8221; use_theme_fonts=&#8221;yes&#8221;]<\/div><\/div><\/div><\/div><\/div><\/section><section class=\"l-section wpb_row height_large\"><div class=\"l-section-h i-cf\"><div class=\"g-cols vc_row via_flex valign_top type_default stacking_default\"><div class=\"vc_col-sm-12 wpb_column vc_column_container\"><div class=\"vc_column-inner\"><div class=\"wpb_wrapper\"><div class=\"wpb_text_column\"><div class=\"wpb_wrapper\"><p><strong>Informaci\u00f3n b\u00e1sica<\/strong><\/p>\n<table class=\"table table-condensed table-bordered table-hover\">\n<tbody>\n<tr>\n<td>Responsable<\/td>\n<td>CAMPING EL PINO<\/td>\n<\/tr>\n<tr>\n<td>Finalidad<\/td>\n<td>Prestar el servicio solicitado, gesti\u00f3n de clientes y facturaci\u00f3n.<\/td>\n<\/tr>\n<tr>\n<td>Legitimaci\u00f3n<\/td>\n<td>Consentimiento del interesado.<\/td>\n<\/tr>\n<tr>\n<td>Destinatarios<\/td>\n<td>No se prev\u00e9n cesiones de datos, salvo obligaci\u00f3n legal.<\/p>\n<p>No se prev\u00e9n transferencias internacionales de sus datos.<\/td>\n<\/tr>\n<tr>\n<td>Derechos<\/td>\n<td>Acceder, rectificar y suprimir los datos, as\u00ed como otros derechos, como se explica en la informaci\u00f3n adicional.<\/td>\n<\/tr>\n<tr>\n<td>Procedencia<\/td>\n<td>El propio interesado.<\/td>\n<\/tr>\n<tr>\n<td>Informaci\u00f3n Adicional<\/td>\n<td>Se puede consultar en la <a href=\"https:\/\/www.campingelpino.com\/nl\/privacy-beleid\/\">pol\u00edtica de privacidad<\/a>.<\/td>\n<\/tr>\n<\/tbody>\n<\/table>\n<\/div><\/div><\/div><\/div><\/div><\/div><\/div><\/section>\n","protected":false},"excerpt":{"rendered":"[vc_custom_heading text=\"Aviso legal\" font_container=\"tag:h1|text_align:left\" use_theme_fonts=\"yes\"]Informaci\u00f3n b\u00e1sica Responsable CAMPING EL PINO Finalidad Prestar el servicio solicitado, gesti\u00f3n de clientes y facturaci\u00f3n. Legitimaci\u00f3n Consentimiento del interesado. Destinatarios No se prev\u00e9n cesiones de datos, salvo obligaci\u00f3n legal. No se prev\u00e9n transferencias internacionales de sus datos. Derechos Acceder, rectificar y suprimir los datos, as\u00ed como otros derechos, como se...","protected":false},"author":1,"featured_media":0,"parent":0,"menu_order":0,"comment_status":"closed","ping_status":"open","template":"","meta":{"_acf_changed":false,"footnotes":""},"class_list":["post-2737","page","type-page","status-publish","hentry"],"acf":[],"yoast_head":"<!-- This site is optimized with the Yoast SEO plugin v27.4 - https:\/\/yoast.com\/product\/yoast-seo-wordpress\/ -->\n<title>Wettelijke Waarschuwing | Camping el Pino<\/title>\n<meta name=\"robots\" content=\"noindex, follow\" \/>\n<meta property=\"og:locale\" content=\"nl_NL\" \/>\n<meta property=\"og:type\" content=\"article\" \/>\n<meta property=\"og:title\" content=\"Wettelijke Waarschuwing | Camping el Pino\" \/>\n<meta property=\"og:url\" content=\"https:\/\/www.campingelpino.com\/nl\/wettelijke-waarschuwing\/\" \/>\n<meta property=\"og:site_name\" content=\"Camping el Pino\" \/>\n<meta property=\"article:modified_time\" content=\"2023-06-23T11:40:32+00:00\" \/>\n<meta property=\"og:image\" content=\"https:\/\/www.campingelpino.com\/wp-content\/uploads\/2023\/05\/bungalow1.jpg\" \/>\n\t<meta property=\"og:image:width\" content=\"1300\" \/>\n\t<meta property=\"og:image:height\" content=\"867\" \/>\n\t<meta property=\"og:image:type\" content=\"image\/jpeg\" \/>\n<meta name=\"twitter:card\" content=\"summary_large_image\" \/>\n<meta name=\"twitter:label1\" content=\"Geschatte leestijd\" \/>\n\t<meta name=\"twitter:data1\" content=\"1 minuut\" \/>\n<script type=\"application\/ld+json\" class=\"yoast-schema-graph\">{\"@context\":\"https:\\\/\\\/schema.org\",\"@graph\":[{\"@type\":\"WebPage\",\"@id\":\"https:\\\/\\\/www.campingelpino.com\\\/nl\\\/wettelijke-waarschuwing\\\/\",\"url\":\"https:\\\/\\\/www.campingelpino.com\\\/nl\\\/wettelijke-waarschuwing\\\/\",\"name\":\"Wettelijke Waarschuwing | Camping el Pino\",\"isPartOf\":{\"@id\":\"https:\\\/\\\/www.campingelpino.com\\\/nl\\\/#website\"},\"datePublished\":\"2022-09-30T11:44:00+00:00\",\"dateModified\":\"2023-06-23T11:40:32+00:00\",\"breadcrumb\":{\"@id\":\"https:\\\/\\\/www.campingelpino.com\\\/nl\\\/wettelijke-waarschuwing\\\/#breadcrumb\"},\"inLanguage\":\"nl-NL\",\"potentialAction\":[{\"@type\":\"ReadAction\",\"target\":[\"https:\\\/\\\/www.campingelpino.com\\\/nl\\\/wettelijke-waarschuwing\\\/\"]}]},{\"@type\":\"BreadcrumbList\",\"@id\":\"https:\\\/\\\/www.campingelpino.com\\\/nl\\\/wettelijke-waarschuwing\\\/#breadcrumb\",\"itemListElement\":[{\"@type\":\"ListItem\",\"position\":1,\"name\":\"Portada\",\"item\":\"https:\\\/\\\/www.campingelpino.com\\\/nl\\\/\"},{\"@type\":\"ListItem\",\"position\":2,\"name\":\"Wettelijke Waarschuwing\"}]},{\"@type\":\"WebSite\",\"@id\":\"https:\\\/\\\/www.campingelpino.com\\\/nl\\\/#website\",\"url\":\"https:\\\/\\\/www.campingelpino.com\\\/nl\\\/\",\"name\":\"Camping el Pino\",\"description\":\"\",\"publisher\":{\"@id\":\"https:\\\/\\\/www.campingelpino.com\\\/nl\\\/#organization\"},\"potentialAction\":[{\"@type\":\"SearchAction\",\"target\":{\"@type\":\"EntryPoint\",\"urlTemplate\":\"https:\\\/\\\/www.campingelpino.com\\\/nl\\\/?s={search_term_string}\"},\"query-input\":{\"@type\":\"PropertyValueSpecification\",\"valueRequired\":true,\"valueName\":\"search_term_string\"}}],\"inLanguage\":\"nl-NL\"},{\"@type\":\"Organization\",\"@id\":\"https:\\\/\\\/www.campingelpino.com\\\/nl\\\/#organization\",\"name\":\"Camping el Pino\",\"url\":\"https:\\\/\\\/www.campingelpino.com\\\/nl\\\/\",\"logo\":{\"@type\":\"ImageObject\",\"inLanguage\":\"nl-NL\",\"@id\":\"https:\\\/\\\/www.campingelpino.com\\\/nl\\\/#\\\/schema\\\/logo\\\/image\\\/\",\"url\":\"https:\\\/\\\/www.campingelpino.com\\\/wp-content\\\/uploads\\\/2023\\\/05\\\/logo-campingelpino-complete.png\",\"contentUrl\":\"https:\\\/\\\/www.campingelpino.com\\\/wp-content\\\/uploads\\\/2023\\\/05\\\/logo-campingelpino-complete.png\",\"width\":269,\"height\":150,\"caption\":\"Camping el Pino\"},\"image\":{\"@id\":\"https:\\\/\\\/www.campingelpino.com\\\/nl\\\/#\\\/schema\\\/logo\\\/image\\\/\"}}]}<\/script>\n<!-- \/ Yoast SEO plugin. -->","yoast_head_json":{"title":"Wettelijke Waarschuwing | Camping el Pino","robots":{"index":"noindex","follow":"follow"},"og_locale":"nl_NL","og_type":"article","og_title":"Wettelijke Waarschuwing | Camping el Pino","og_url":"https:\/\/www.campingelpino.com\/nl\/wettelijke-waarschuwing\/","og_site_name":"Camping el Pino","article_modified_time":"2023-06-23T11:40:32+00:00","og_image":[{"width":1300,"height":867,"url":"https:\/\/www.campingelpino.com\/wp-content\/uploads\/2023\/05\/bungalow1.jpg","type":"image\/jpeg"}],"twitter_card":"summary_large_image","twitter_misc":{"Geschatte leestijd":"1 minuut"},"schema":{"@context":"https:\/\/schema.org","@graph":[{"@type":"WebPage","@id":"https:\/\/www.campingelpino.com\/nl\/wettelijke-waarschuwing\/","url":"https:\/\/www.campingelpino.com\/nl\/wettelijke-waarschuwing\/","name":"Wettelijke Waarschuwing | Camping el Pino","isPartOf":{"@id":"https:\/\/www.campingelpino.com\/nl\/#website"},"datePublished":"2022-09-30T11:44:00+00:00","dateModified":"2023-06-23T11:40:32+00:00","breadcrumb":{"@id":"https:\/\/www.campingelpino.com\/nl\/wettelijke-waarschuwing\/#breadcrumb"},"inLanguage":"nl-NL","potentialAction":[{"@type":"ReadAction","target":["https:\/\/www.campingelpino.com\/nl\/wettelijke-waarschuwing\/"]}]},{"@type":"BreadcrumbList","@id":"https:\/\/www.campingelpino.com\/nl\/wettelijke-waarschuwing\/#breadcrumb","itemListElement":[{"@type":"ListItem","position":1,"name":"Portada","item":"https:\/\/www.campingelpino.com\/nl\/"},{"@type":"ListItem","position":2,"name":"Wettelijke Waarschuwing"}]},{"@type":"WebSite","@id":"https:\/\/www.campingelpino.com\/nl\/#website","url":"https:\/\/www.campingelpino.com\/nl\/","name":"Camping el Pino","description":"","publisher":{"@id":"https:\/\/www.campingelpino.com\/nl\/#organization"},"potentialAction":[{"@type":"SearchAction","target":{"@type":"EntryPoint","urlTemplate":"https:\/\/www.campingelpino.com\/nl\/?s={search_term_string}"},"query-input":{"@type":"PropertyValueSpecification","valueRequired":true,"valueName":"search_term_string"}}],"inLanguage":"nl-NL"},{"@type":"Organization","@id":"https:\/\/www.campingelpino.com\/nl\/#organization","name":"Camping el Pino","url":"https:\/\/www.campingelpino.com\/nl\/","logo":{"@type":"ImageObject","inLanguage":"nl-NL","@id":"https:\/\/www.campingelpino.com\/nl\/#\/schema\/logo\/image\/","url":"https:\/\/www.campingelpino.com\/wp-content\/uploads\/2023\/05\/logo-campingelpino-complete.png","contentUrl":"https:\/\/www.campingelpino.com\/wp-content\/uploads\/2023\/05\/logo-campingelpino-complete.png","width":269,"height":150,"caption":"Camping el Pino"},"image":{"@id":"https:\/\/www.campingelpino.com\/nl\/#\/schema\/logo\/image\/"}}]}},"_links":{"self":[{"href":"https:\/\/www.campingelpino.com\/nl\/wp-json\/wp\/v2\/pages\/2737","targetHints":{"allow":["GET"]}}],"collection":[{"href":"https:\/\/www.campingelpino.com\/nl\/wp-json\/wp\/v2\/pages"}],"about":[{"href":"https:\/\/www.campingelpino.com\/nl\/wp-json\/wp\/v2\/types\/page"}],"author":[{"embeddable":true,"href":"https:\/\/www.campingelpino.com\/nl\/wp-json\/wp\/v2\/users\/1"}],"replies":[{"embeddable":true,"href":"https:\/\/www.campingelpino.com\/nl\/wp-json\/wp\/v2\/comments?post=2737"}],"version-history":[{"count":2,"href":"https:\/\/www.campingelpino.com\/nl\/wp-json\/wp\/v2\/pages\/2737\/revisions"}],"predecessor-version":[{"id":3099,"href":"https:\/\/www.campingelpino.com\/nl\/wp-json\/wp\/v2\/pages\/2737\/revisions\/3099"}],"wp:attachment":[{"href":"https:\/\/www.campingelpino.com\/nl\/wp-json\/wp\/v2\/media?parent=2737"}],"curies":[{"name":"wp","href":"https:\/\/api.w.org\/{rel}","templated":true}]}}