{"id":2894,"date":"2023-05-26T14:00:39","date_gmt":"2023-05-26T12:00:39","guid":{"rendered":"https:\/\/www.campingelpino.com\/normas\/"},"modified":"2025-07-08T15:35:30","modified_gmt":"2025-07-08T13:35:30","slug":"normes","status":"publish","type":"page","link":"https:\/\/www.campingelpino.com\/fr\/normes\/","title":{"rendered":"R\u00e8gles"},"content":{"rendered":"<section class=\"l-section wpb_row us_custom_8d0d5162 header has_text_color height_large\"><div class=\"l-section-h i-cf\"><div class=\"g-cols vc_row via_flex valign_bottom type_default stacking_default\"><div class=\"vc_col-sm-12 wpb_column vc_column_container\"><div class=\"vc_column-inner\"><div class=\"wpb_wrapper\">[vc_custom_heading text=\u00a0\u00bbR\u00e8gles\u00a0\u00bb font_container=\u00a0\u00bbtag:h1|text_align:left\u00a0\u00bb use_theme_fonts=\u00a0\u00bbyes\u00a0\u00bb]<\/div><\/div><\/div><\/div><\/div><\/section><section class=\"l-section wpb_row height_large\"><div class=\"l-section-h i-cf\"><div class=\"g-cols vc_row via_flex valign_top type_default stacking_default\"><div class=\"vc_col-sm-12 wpb_column vc_column_container\"><div class=\"vc_column-inner\"><div class=\"wpb_wrapper\"><div class=\"wpb_text_column\"><div class=\"wpb_wrapper\"><h2>R\u00e8gles internes<\/h2>\n<ul>\n<li>La direction du camping, suivant le r\u00e9gime interne, pourra d\u00e9loger les campeurs qui produiraient des d\u00e9g\u00e2ts ou des dommages importants aux installations, tout comme ceux qui ne fassent pas attention \u00e0 la propret\u00e9, ne gardent pas l\u2019ordre ou d\u00e9rangent les autres campeurs. Ne pas respecter les normes peut provoquer votre expulsion du camping.<\/li>\n<li>Interdit de faire du bruit (musique forte, les moteurs des v\u00e9hicules &#8230;). Silence de 24:00 \u00e0 8:00 heures.<\/li>\n<li>Limitation de vitesse pour des vehicles \u00e0 lint\u00e9rieur de terrain de camping 10 km \/ h.\u00a0Entr\u00e9e et sortie de v\u00e9hicles autoris\u00e9s de 8:00 \u00e1 24:00.\u00a0Les v\u00e9hicules qui n&rsquo;ont pas pay\u00e9 les droits d&rsquo;inscription ne seront pas en mesure de rentrer dans le camping pour le chargement ou le d\u00e9chargement. Il est interdit d\u2019utiliser des v\u00e9hicules \u00e9lectriques et radioconmmand\u00e9s \u00e0 moteur.<\/li>\n<li>Les sorties est de 8:00 \u00e0 12:00. Pour les d\u00e9parts apr\u00e8s 12:00, un autre jour sera charg\u00e9..<\/li>\n<li>Les s\u00e9jour dans le camping se payera \u00e1 l&rsquo;avance. Nous ne retournons pas le montant des services factur\u00e9s, mais vous b\u00e9n\u00e9ficierez d&rsquo;une r\u00e9duction \u00e9quivalente pour votre prochain s\u00e9jour. Nous n&rsquo;acceptons pas les ch\u00e9ques. Tout \u00e9l\u00e9ment \u00e0 payer, pas d\u00e9clar\u00e9 au check-in (comme chiens, electricit\u00e9&#8230;), vous ser\u00e1 factur\u00e9 retrospectivement \u00e0 partir du premier jour de votre s\u00e9jour.<\/li>\n<li>L&rsquo;indisponibilit\u00e9 occasionnelle de l&rsquo;un de nos services gratuits ne donne pas lieu \u00e0 une compensation financi\u00e8re ou \u00e0 un remboursement partiel.<\/li>\n<li>Les visiteurs doivent laisser une pi\u00e8ce d&rsquo;identit\u00e9 \u00e0 la reception. Il faudra payer pour les visites de plus d&rsquo;une heure ou pour b\u00e9n\u00e9ficier des services du camping. Les visites sont interdites \u00e0 partir de 23:00.<\/li>\n<li>Le camping n&rsquo;est pas responsable des objets perdus ou des dommages \u00e0 des personnes ou des objets dus \u00e0 des forces naturelles.\u00a0Les parents sont responsables pour les dommages faits par leurs enfants et les visiteurs.<\/li>\n<li>Les animaux sont interdits, les chiens uniquement sont accept\u00e9s, avec tous les vaccines, l&rsquo;asurance en vigeur et sous la responsabilit\u00e9 du propi\u00e9taire, maintenus en laisse et d\u00e9clar\u00e9s \u00e0 la reception.<\/li>\n<li>Se r\u00e9serve le droit d\u2019admettre les animaux domestiques dans certains h\u00e9bergements.<\/li>\n<li>L&rsquo;installation d&rsquo;\u00e9l\u00e9ments fixes est interdite ainsi que: fermetures, trottoirs, \u00e9viers, gros \u00e9lectrom\u00e9nagers, cl\u00f4tures, haies, etc. Il est interdir de couper de la v\u00e9g\u00e9tation, d&rsquo;\u00e9laguer des arbres et d&rsquo;enfoncer des objetcs tranchants dans les arbres.<\/li>\n<li>Interdit de faire des feux<\/li>\n<li>Interdit d&rsquo;utiliser les sources d&rsquo;eau potable pour laver les assiettes, les v\u00e8tements&#8230;.<\/li>\n<li>Pour les tarifs, un v\u00e9lo est consid\u00e9r\u00e9 comme une moto, un sac de couchage comme une tente et une voiture pour dormir comme un camping-car.<\/li>\n<li>Interdit d\u2019utiliser des lampes de plus de 60W et des appareils \u00e9lectriques de plus de 300W.<\/li>\n<li>Au cas o\u00fa l&#8217;emplacement et son contenu restent \u00e0 l&rsquo;abandon ou impay\u00e9 pour plus de six mois, le camping s&rsquo;autorise \u00e0 d\u00e9loger le dit contenu du dit emplacement, qui ser\u00e1 laiss\u00e9 aux autorit\u00e9s competentes.<\/li>\n<li>Il est interdit de fumer dans touts les installations fixes et les espaces communs qui l&rsquo;indiquent.<\/li>\n<li>R\u00e8glement sont indiqu\u00e9s dans votre facture. Toute personne qui ne respecte pas ces r\u00e8gles sera demand\u00e9 de quitter les lieux.<\/li>\n<\/ul>\n<h2>R\u00e8gles generales<\/h2>\n<div class=\"normas-generales span6\">\n<p><strong>Pour r\u00e9server un bungalow ou un appartement :<\/strong><\/p>\n<ul>\n<li>Le client peut effectuer la r\u00e9servation en ligne sur notre site Internet ou par t\u00e9l\u00e9phone en appelant la r\u00e9ception, o\u00f9 il lui sera demand\u00e9 les informations n\u00e9cessaires \u00e0 l&rsquo;envoi d&rsquo;un email de pr\u00e9-r\u00e9servation.<\/li>\n<li>Si vous effectuez la r\u00e9servation en ligne, au m\u00eame moment le client paie 50% du montant total de la r\u00e9servation et recevra ult\u00e9rieurement un email de confirmation. Si vous nous contactez par t\u00e9l\u00e9phone, dans cet email de pr\u00e9-r\u00e9servation, vous recevrez un lien pour effectuer le paiement de 50% de votre r\u00e9servation dans l&rsquo;heure. Si 50% n&rsquo;est pas re\u00e7u, la r\u00e9servation ne sera pas effective et sera annul\u00e9e.<\/li>\n<li>Dans le cas de r\u00e9servations pour lesquelles le pr\u00e9avis de r\u00e9servation est sup\u00e9rieur \u00e0 un mois, le client pourra payer ces 50% par virement pour confirmer sa r\u00e9servation dans un d\u00e9lai de 1 \u00e0 3 jours. Si 50% n&rsquo;est pas re\u00e7u dans le d\u00e9lai indiqu\u00e9, la r\u00e9servation ne sera pas effective et sera annul\u00e9e.<\/li>\n<li>Les 50% restants de la r\u00e9servation seront pay\u00e9s lors de votre enregistrement \u00e0 la r\u00e9ception. Vous pouvez payer par carte ou en esp\u00e8ces pour le reste de votre r\u00e9servation. Le paiement minimum par carte est de 15 euros. Une caution de 50 euros est demand\u00e9e pour les courts s\u00e9jours et de 100 euros pour les longs s\u00e9jours. Cette caution sera vers\u00e9e en esp\u00e8ces.<\/li>\n<li>Si le client pr\u00e9voit d&rsquo;arriver apr\u00e8s l&rsquo;heure de fermeture de la r\u00e9ception, qui est \u00e0 20h00 toute l&rsquo;ann\u00e9e, sauf en juillet \u00e0 21h00 et en ao\u00fbt \u00e0 22h00, il devra le communiquer \u00e0 l&rsquo;avance.<\/li>\n<li>L&rsquo;heure d&rsquo;arriv\u00e9e au logement s&rsquo;effectue \u00e0 16h00 et les d\u00e9parts au plus tard \u00e0 12h00.<\/li>\n<li>Politique d&rsquo;annulation:\n<ul>\n<li>90% du montant envoy\u00e9 \u00e0 titre d&rsquo;avance si vous donnez un pr\u00e9avis de 15 jours ou plus.<\/li>\n<li>50% du montant envoy\u00e9 \u00e0 titre d&rsquo;avance si vous donnez un pr\u00e9avis de plus de 7 jours.<\/li>\n<li>00% du montant envoy\u00e9 \u00e0 titre d&rsquo;avance si vous donnez un pr\u00e9avis de moins de 7 jours.<\/li>\n<\/ul>\n<\/li>\n<li>La formalisation de votre r\u00e9servation pr\u00e9suppose l&rsquo;acceptation par le client du r\u00e8glement g\u00e9n\u00e9ral de r\u00e9servation. Ainsi que ceux de r\u00e9gime int\u00e9rieur qui r\u00e9glementent g\u00e9n\u00e9ralement les s\u00e9jours au camping.<\/li>\n<\/ul>\n<\/div>\n<\/div><\/div><\/div><\/div><\/div><\/div><\/div><\/section>\n","protected":false},"excerpt":{"rendered":"[vc_custom_heading text=\"R\u00e8gles\" font_container=\"tag:h1|text_align:left\" use_theme_fonts=\"yes\"]R\u00e8gles internes La direction du camping, suivant le r\u00e9gime interne, pourra d\u00e9loger les campeurs qui produiraient des d\u00e9g\u00e2ts ou des dommages importants aux installations, tout comme ceux qui ne fassent pas attention \u00e0 la propret\u00e9, ne gardent pas l\u2019ordre ou d\u00e9rangent les autres campeurs. Ne pas respecter les normes peut provoquer votre...","protected":false},"author":1,"featured_media":0,"parent":0,"menu_order":0,"comment_status":"closed","ping_status":"open","template":"","meta":{"_acf_changed":false,"footnotes":""},"class_list":["post-2894","page","type-page","status-publish","hentry"],"acf":[],"yoast_head":"<!-- This site is optimized with the Yoast SEO plugin v27.4 - https:\/\/yoast.com\/product\/yoast-seo-wordpress\/ -->\n<title>R\u00e8gles | Camping el Pino<\/title>\n<meta name=\"robots\" content=\"noindex, follow\" \/>\n<meta property=\"og:locale\" content=\"fr_FR\" \/>\n<meta property=\"og:type\" content=\"article\" \/>\n<meta property=\"og:title\" content=\"R\u00e8gles | Camping el Pino\" \/>\n<meta property=\"og:url\" content=\"https:\/\/www.campingelpino.com\/fr\/normes\/\" \/>\n<meta property=\"og:site_name\" content=\"Camping el Pino\" \/>\n<meta property=\"article:modified_time\" content=\"2025-07-08T13:35:30+00:00\" \/>\n<meta property=\"og:image\" content=\"https:\/\/www.campingelpino.com\/wp-content\/uploads\/2023\/05\/bungalow1.jpg\" \/>\n\t<meta property=\"og:image:width\" content=\"1300\" \/>\n\t<meta property=\"og:image:height\" content=\"867\" \/>\n\t<meta property=\"og:image:type\" content=\"image\/jpeg\" \/>\n<meta name=\"twitter:card\" content=\"summary_large_image\" \/>\n<meta name=\"twitter:label1\" content=\"Dur\u00e9e de lecture estim\u00e9e\" \/>\n\t<meta name=\"twitter:data1\" content=\"4 minutes\" \/>\n<script type=\"application\/ld+json\" class=\"yoast-schema-graph\">{\"@context\":\"https:\\\/\\\/schema.org\",\"@graph\":[{\"@type\":\"WebPage\",\"@id\":\"https:\\\/\\\/www.campingelpino.com\\\/fr\\\/normes\\\/\",\"url\":\"https:\\\/\\\/www.campingelpino.com\\\/fr\\\/normes\\\/\",\"name\":\"R\u00e8gles | Camping el Pino\",\"isPartOf\":{\"@id\":\"https:\\\/\\\/www.campingelpino.com\\\/fr\\\/#website\"},\"datePublished\":\"2023-05-26T12:00:39+00:00\",\"dateModified\":\"2025-07-08T13:35:30+00:00\",\"breadcrumb\":{\"@id\":\"https:\\\/\\\/www.campingelpino.com\\\/fr\\\/normes\\\/#breadcrumb\"},\"inLanguage\":\"fr-FR\",\"potentialAction\":[{\"@type\":\"ReadAction\",\"target\":[\"https:\\\/\\\/www.campingelpino.com\\\/fr\\\/normes\\\/\"]}]},{\"@type\":\"BreadcrumbList\",\"@id\":\"https:\\\/\\\/www.campingelpino.com\\\/fr\\\/normes\\\/#breadcrumb\",\"itemListElement\":[{\"@type\":\"ListItem\",\"position\":1,\"name\":\"Portada\",\"item\":\"https:\\\/\\\/www.campingelpino.com\\\/fr\\\/\"},{\"@type\":\"ListItem\",\"position\":2,\"name\":\"R\u00e8gles\"}]},{\"@type\":\"WebSite\",\"@id\":\"https:\\\/\\\/www.campingelpino.com\\\/fr\\\/#website\",\"url\":\"https:\\\/\\\/www.campingelpino.com\\\/fr\\\/\",\"name\":\"Camping el Pino\",\"description\":\"\",\"publisher\":{\"@id\":\"https:\\\/\\\/www.campingelpino.com\\\/fr\\\/#organization\"},\"potentialAction\":[{\"@type\":\"SearchAction\",\"target\":{\"@type\":\"EntryPoint\",\"urlTemplate\":\"https:\\\/\\\/www.campingelpino.com\\\/fr\\\/?s={search_term_string}\"},\"query-input\":{\"@type\":\"PropertyValueSpecification\",\"valueRequired\":true,\"valueName\":\"search_term_string\"}}],\"inLanguage\":\"fr-FR\"},{\"@type\":\"Organization\",\"@id\":\"https:\\\/\\\/www.campingelpino.com\\\/fr\\\/#organization\",\"name\":\"Camping el Pino\",\"url\":\"https:\\\/\\\/www.campingelpino.com\\\/fr\\\/\",\"logo\":{\"@type\":\"ImageObject\",\"inLanguage\":\"fr-FR\",\"@id\":\"https:\\\/\\\/www.campingelpino.com\\\/fr\\\/#\\\/schema\\\/logo\\\/image\\\/\",\"url\":\"https:\\\/\\\/www.campingelpino.com\\\/wp-content\\\/uploads\\\/2023\\\/05\\\/logo-campingelpino-complete.png\",\"contentUrl\":\"https:\\\/\\\/www.campingelpino.com\\\/wp-content\\\/uploads\\\/2023\\\/05\\\/logo-campingelpino-complete.png\",\"width\":269,\"height\":150,\"caption\":\"Camping el Pino\"},\"image\":{\"@id\":\"https:\\\/\\\/www.campingelpino.com\\\/fr\\\/#\\\/schema\\\/logo\\\/image\\\/\"}}]}<\/script>\n<!-- \/ Yoast SEO plugin. -->","yoast_head_json":{"title":"R\u00e8gles | Camping el Pino","robots":{"index":"noindex","follow":"follow"},"og_locale":"fr_FR","og_type":"article","og_title":"R\u00e8gles | Camping el Pino","og_url":"https:\/\/www.campingelpino.com\/fr\/normes\/","og_site_name":"Camping el Pino","article_modified_time":"2025-07-08T13:35:30+00:00","og_image":[{"width":1300,"height":867,"url":"https:\/\/www.campingelpino.com\/wp-content\/uploads\/2023\/05\/bungalow1.jpg","type":"image\/jpeg"}],"twitter_card":"summary_large_image","twitter_misc":{"Dur\u00e9e de lecture estim\u00e9e":"4 minutes"},"schema":{"@context":"https:\/\/schema.org","@graph":[{"@type":"WebPage","@id":"https:\/\/www.campingelpino.com\/fr\/normes\/","url":"https:\/\/www.campingelpino.com\/fr\/normes\/","name":"R\u00e8gles | Camping el Pino","isPartOf":{"@id":"https:\/\/www.campingelpino.com\/fr\/#website"},"datePublished":"2023-05-26T12:00:39+00:00","dateModified":"2025-07-08T13:35:30+00:00","breadcrumb":{"@id":"https:\/\/www.campingelpino.com\/fr\/normes\/#breadcrumb"},"inLanguage":"fr-FR","potentialAction":[{"@type":"ReadAction","target":["https:\/\/www.campingelpino.com\/fr\/normes\/"]}]},{"@type":"BreadcrumbList","@id":"https:\/\/www.campingelpino.com\/fr\/normes\/#breadcrumb","itemListElement":[{"@type":"ListItem","position":1,"name":"Portada","item":"https:\/\/www.campingelpino.com\/fr\/"},{"@type":"ListItem","position":2,"name":"R\u00e8gles"}]},{"@type":"WebSite","@id":"https:\/\/www.campingelpino.com\/fr\/#website","url":"https:\/\/www.campingelpino.com\/fr\/","name":"Camping el Pino","description":"","publisher":{"@id":"https:\/\/www.campingelpino.com\/fr\/#organization"},"potentialAction":[{"@type":"SearchAction","target":{"@type":"EntryPoint","urlTemplate":"https:\/\/www.campingelpino.com\/fr\/?s={search_term_string}"},"query-input":{"@type":"PropertyValueSpecification","valueRequired":true,"valueName":"search_term_string"}}],"inLanguage":"fr-FR"},{"@type":"Organization","@id":"https:\/\/www.campingelpino.com\/fr\/#organization","name":"Camping el Pino","url":"https:\/\/www.campingelpino.com\/fr\/","logo":{"@type":"ImageObject","inLanguage":"fr-FR","@id":"https:\/\/www.campingelpino.com\/fr\/#\/schema\/logo\/image\/","url":"https:\/\/www.campingelpino.com\/wp-content\/uploads\/2023\/05\/logo-campingelpino-complete.png","contentUrl":"https:\/\/www.campingelpino.com\/wp-content\/uploads\/2023\/05\/logo-campingelpino-complete.png","width":269,"height":150,"caption":"Camping el Pino"},"image":{"@id":"https:\/\/www.campingelpino.com\/fr\/#\/schema\/logo\/image\/"}}]}},"_links":{"self":[{"href":"https:\/\/www.campingelpino.com\/fr\/wp-json\/wp\/v2\/pages\/2894","targetHints":{"allow":["GET"]}}],"collection":[{"href":"https:\/\/www.campingelpino.com\/fr\/wp-json\/wp\/v2\/pages"}],"about":[{"href":"https:\/\/www.campingelpino.com\/fr\/wp-json\/wp\/v2\/types\/page"}],"author":[{"embeddable":true,"href":"https:\/\/www.campingelpino.com\/fr\/wp-json\/wp\/v2\/users\/1"}],"replies":[{"embeddable":true,"href":"https:\/\/www.campingelpino.com\/fr\/wp-json\/wp\/v2\/comments?post=2894"}],"version-history":[{"count":7,"href":"https:\/\/www.campingelpino.com\/fr\/wp-json\/wp\/v2\/pages\/2894\/revisions"}],"predecessor-version":[{"id":12146,"href":"https:\/\/www.campingelpino.com\/fr\/wp-json\/wp\/v2\/pages\/2894\/revisions\/12146"}],"wp:attachment":[{"href":"https:\/\/www.campingelpino.com\/fr\/wp-json\/wp\/v2\/media?parent=2894"}],"curies":[{"name":"wp","href":"https:\/\/api.w.org\/{rel}","templated":true}]}}