{"id":2878,"date":"2023-05-26T13:36:47","date_gmt":"2023-05-26T11:36:47","guid":{"rendered":"https:\/\/www.campingelpino.com\/gestion-de-reservas\/"},"modified":"2025-03-10T18:27:30","modified_gmt":"2025-03-10T16:27:30","slug":"gestion-des-reserves","status":"publish","type":"page","link":"https:\/\/www.campingelpino.com\/fr\/gestion-des-reserves\/","title":{"rendered":"Gestion des r\u00e9serves"},"content":{"rendered":"<section class=\"l-section wpb_row us_custom_8d0d5162 header has_text_color height_large\"><div class=\"l-section-h i-cf\"><div class=\"g-cols vc_row via_flex valign_bottom type_default stacking_default\"><div class=\"vc_col-sm-12 wpb_column vc_column_container\"><div class=\"vc_column-inner\"><div class=\"wpb_wrapper\">[vc_custom_heading text=\u00a0\u00bbGestion des r\u00e9serves\u00a0\u00bb font_container=\u00a0\u00bbtag:h1|text_align:left\u00a0\u00bb use_theme_fonts=\u00a0\u00bbyes\u00a0\u00bb]<\/div><\/div><\/div><\/div><\/div><\/section><section class=\"l-section wpb_row height_large\"><div class=\"l-section-h i-cf\"><div class=\"g-cols vc_row via_flex valign_top type_default stacking_default\"><div class=\"vc_col-sm-12 wpb_column vc_column_container\"><div class=\"vc_column-inner\"><div class=\"wpb_wrapper\"><div class=\"wpb_text_column\"><div class=\"wpb_wrapper\"><h2>Conditions g\u00e9n\u00e9rales de r\u00e9servation de bungalows<\/h2>\n<p>Pour effectuer des r\u00e9servations, le client laissera ses donn\u00e9es personnelles \u00e0 la r\u00e9ception (nom et pr\u00e9nom, adresse, num\u00e9ros de t\u00e9l\u00e9phone, etc.), cela peut se faire via Internet, par t\u00e9l\u00e9phone ou par courrier ordinaire (postal).<\/p>\n<p>Une fois cette premi\u00e8re \u00e9tape franchie, votre demande de r\u00e9servation passe en pr\u00e9-r\u00e9servation en attendant que vous nous envoyiez 50% de la valeur totale uniquement dans les p\u00e9riodes n\u00e9cessaires (les ch\u00e8ques ne sont pas accept\u00e9s).<\/p>\n<p>Le reste du s\u00e9jour doit \u00eatre pay\u00e9 en esp\u00e8ces, \u00e0 l&rsquo;entr\u00e9e, une fois que le client a pr\u00e9sent\u00e9 les documents n\u00e9cessaires \u00e0 la r\u00e9ception pour v\u00e9rifier l&rsquo;identit\u00e9 au nom de laquelle la r\u00e9servation a \u00e9t\u00e9 effectu\u00e9e.<\/p>\n<p>Les inscriptions doivent \u00eatre faites apr\u00e8s 16h00 le jour de l&rsquo;arriv\u00e9e et le d\u00e9part avant 12h00 le jour du d\u00e9part.<\/p>\n<h3>Notes<\/h3>\n<p>Le client est enti\u00e8rement et exclusivement responsable de la d\u00e9claration correcte du nombre de personnes qui vont utiliser le bungalow ou l&rsquo;appartement. Il est pr\u00e9cis\u00e9 que la r\u00e9ception pourra refuser d&rsquo;admettre des personnes non d\u00e9clar\u00e9es au pr\u00e9alable par le titulaire de la r\u00e9servation, ou le cas \u00e9ch\u00e9ant les expulser, sans recours de ce fait.<\/p>\n<p>Chaque bungalow dispose d&rsquo;une place de parking pour un v\u00e9hicule, si le client dispose de plusieurs v\u00e9hicules, le camping n&rsquo;est pas responsable de trouver une place de parking au sein du camping.<\/p>\n<p>2 chiens maximum sont admis \u00e0 l&rsquo;int\u00e9rieur de chaque bungalow ou apartement, auquel cas un suppl\u00e9ment devra \u00eatre r\u00e9gl\u00e9 selon le tarif en vigueur.<\/p>\n<h3>Annulations<\/h3>\n<p>Si le client annule sa r\u00e9servation, il lui sera restitu\u00e9 :<\/p>\n<ul>\n<li>90% du montant envoy\u00e9 \u00e0 titre d&rsquo;acompte si vous pr\u00e9venez 15 jours ou plus \u00e0 l&rsquo;avance.<\/li>\n<li>50% du montant envoy\u00e9 \u00e0 titre d&rsquo;acompte si vous pr\u00e9venez plus de 7 jours \u00e0 l&rsquo;avance.<\/li>\n<li>00\u00a0% du montant envoy\u00e9 \u00e0 titre d&rsquo;avance si vous pr\u00e9venez 1 semaine ou moins \u00e0 l&rsquo;avance.<\/li>\n<\/ul>\n<h3>Mode de paiement<\/h3>\n<p>La r\u00e9servation est termin\u00e9e une fois que le client a pay\u00e9 au moins 50% du total du s\u00e9jour uniquement dans les saisons o\u00f9 cela est n\u00e9cessaire.<\/p>\n<p>Le mode de paiement sera :<\/p>\n<ul>\n<li>50% du montant total sera pay\u00e9 comme r\u00e9servation.<\/li>\n<li>Les 50 % restants du montant total seront pay\u00e9s le jour de l&rsquo;arriv\u00e9e.<\/li>\n<\/ul>\n<h3>Anomalies et lacunes<\/h3>\n<p>Si \u00e0 l&rsquo;entr\u00e9e du client dans le bungalow ou l&rsquo;appartement il constate une anomalie ou un dommage, il doit en informer imm\u00e9diatement la r\u00e9ception. A partir de l\u00e0, le client est responsable de tout dommage pouvant survenir dans le bungalow ou son mobilier.<\/p>\n<\/div><\/div><\/div><\/div><\/div><\/div><\/div><\/section>\n","protected":false},"excerpt":{"rendered":"[vc_custom_heading text=\"Gestion des r\u00e9serves\" font_container=\"tag:h1|text_align:left\" use_theme_fonts=\"yes\"]Conditions g\u00e9n\u00e9rales de r\u00e9servation de bungalows Pour effectuer des r\u00e9servations, le client laissera ses donn\u00e9es personnelles \u00e0 la r\u00e9ception (nom et pr\u00e9nom, adresse, num\u00e9ros de t\u00e9l\u00e9phone, etc.), cela peut se faire via Internet, par t\u00e9l\u00e9phone ou par courrier ordinaire (postal). Une fois cette premi\u00e8re \u00e9tape franchie, votre demande de r\u00e9servation...","protected":false},"author":1,"featured_media":0,"parent":0,"menu_order":0,"comment_status":"closed","ping_status":"open","template":"","meta":{"_acf_changed":false,"footnotes":""},"class_list":["post-2878","page","type-page","status-publish","hentry"],"acf":[],"yoast_head":"<!-- This site is optimized with the Yoast SEO plugin v27.4 - https:\/\/yoast.com\/product\/yoast-seo-wordpress\/ -->\n<title>Gestion des r\u00e9serves | Camping el Pino<\/title>\n<meta name=\"robots\" content=\"noindex, follow\" \/>\n<meta property=\"og:locale\" content=\"fr_FR\" \/>\n<meta property=\"og:type\" content=\"article\" \/>\n<meta property=\"og:title\" content=\"Gestion des r\u00e9serves | Camping el Pino\" \/>\n<meta property=\"og:url\" content=\"https:\/\/www.campingelpino.com\/fr\/gestion-des-reserves\/\" \/>\n<meta property=\"og:site_name\" content=\"Camping el Pino\" \/>\n<meta property=\"article:modified_time\" content=\"2025-03-10T16:27:30+00:00\" \/>\n<meta property=\"og:image\" content=\"https:\/\/www.campingelpino.com\/wp-content\/uploads\/2023\/05\/bungalow1.jpg\" \/>\n\t<meta property=\"og:image:width\" content=\"1300\" \/>\n\t<meta property=\"og:image:height\" content=\"867\" \/>\n\t<meta property=\"og:image:type\" content=\"image\/jpeg\" \/>\n<meta name=\"twitter:card\" content=\"summary_large_image\" \/>\n<meta name=\"twitter:label1\" content=\"Dur\u00e9e de lecture estim\u00e9e\" \/>\n\t<meta name=\"twitter:data1\" content=\"2 minutes\" \/>\n<script type=\"application\/ld+json\" class=\"yoast-schema-graph\">{\"@context\":\"https:\\\/\\\/schema.org\",\"@graph\":[{\"@type\":\"WebPage\",\"@id\":\"https:\\\/\\\/www.campingelpino.com\\\/fr\\\/gestion-des-reserves\\\/\",\"url\":\"https:\\\/\\\/www.campingelpino.com\\\/fr\\\/gestion-des-reserves\\\/\",\"name\":\"Gestion des r\u00e9serves | Camping el Pino\",\"isPartOf\":{\"@id\":\"https:\\\/\\\/www.campingelpino.com\\\/fr\\\/#website\"},\"datePublished\":\"2023-05-26T11:36:47+00:00\",\"dateModified\":\"2025-03-10T16:27:30+00:00\",\"breadcrumb\":{\"@id\":\"https:\\\/\\\/www.campingelpino.com\\\/fr\\\/gestion-des-reserves\\\/#breadcrumb\"},\"inLanguage\":\"fr-FR\",\"potentialAction\":[{\"@type\":\"ReadAction\",\"target\":[\"https:\\\/\\\/www.campingelpino.com\\\/fr\\\/gestion-des-reserves\\\/\"]}]},{\"@type\":\"BreadcrumbList\",\"@id\":\"https:\\\/\\\/www.campingelpino.com\\\/fr\\\/gestion-des-reserves\\\/#breadcrumb\",\"itemListElement\":[{\"@type\":\"ListItem\",\"position\":1,\"name\":\"Portada\",\"item\":\"https:\\\/\\\/www.campingelpino.com\\\/fr\\\/\"},{\"@type\":\"ListItem\",\"position\":2,\"name\":\"Gestion des r\u00e9serves\"}]},{\"@type\":\"WebSite\",\"@id\":\"https:\\\/\\\/www.campingelpino.com\\\/fr\\\/#website\",\"url\":\"https:\\\/\\\/www.campingelpino.com\\\/fr\\\/\",\"name\":\"Camping el Pino\",\"description\":\"\",\"publisher\":{\"@id\":\"https:\\\/\\\/www.campingelpino.com\\\/fr\\\/#organization\"},\"potentialAction\":[{\"@type\":\"SearchAction\",\"target\":{\"@type\":\"EntryPoint\",\"urlTemplate\":\"https:\\\/\\\/www.campingelpino.com\\\/fr\\\/?s={search_term_string}\"},\"query-input\":{\"@type\":\"PropertyValueSpecification\",\"valueRequired\":true,\"valueName\":\"search_term_string\"}}],\"inLanguage\":\"fr-FR\"},{\"@type\":\"Organization\",\"@id\":\"https:\\\/\\\/www.campingelpino.com\\\/fr\\\/#organization\",\"name\":\"Camping el Pino\",\"url\":\"https:\\\/\\\/www.campingelpino.com\\\/fr\\\/\",\"logo\":{\"@type\":\"ImageObject\",\"inLanguage\":\"fr-FR\",\"@id\":\"https:\\\/\\\/www.campingelpino.com\\\/fr\\\/#\\\/schema\\\/logo\\\/image\\\/\",\"url\":\"https:\\\/\\\/www.campingelpino.com\\\/wp-content\\\/uploads\\\/2023\\\/05\\\/logo-campingelpino-complete.png\",\"contentUrl\":\"https:\\\/\\\/www.campingelpino.com\\\/wp-content\\\/uploads\\\/2023\\\/05\\\/logo-campingelpino-complete.png\",\"width\":269,\"height\":150,\"caption\":\"Camping el Pino\"},\"image\":{\"@id\":\"https:\\\/\\\/www.campingelpino.com\\\/fr\\\/#\\\/schema\\\/logo\\\/image\\\/\"}}]}<\/script>\n<!-- \/ Yoast SEO plugin. -->","yoast_head_json":{"title":"Gestion des r\u00e9serves | Camping el Pino","robots":{"index":"noindex","follow":"follow"},"og_locale":"fr_FR","og_type":"article","og_title":"Gestion des r\u00e9serves | Camping el Pino","og_url":"https:\/\/www.campingelpino.com\/fr\/gestion-des-reserves\/","og_site_name":"Camping el Pino","article_modified_time":"2025-03-10T16:27:30+00:00","og_image":[{"width":1300,"height":867,"url":"https:\/\/www.campingelpino.com\/wp-content\/uploads\/2023\/05\/bungalow1.jpg","type":"image\/jpeg"}],"twitter_card":"summary_large_image","twitter_misc":{"Dur\u00e9e de lecture estim\u00e9e":"2 minutes"},"schema":{"@context":"https:\/\/schema.org","@graph":[{"@type":"WebPage","@id":"https:\/\/www.campingelpino.com\/fr\/gestion-des-reserves\/","url":"https:\/\/www.campingelpino.com\/fr\/gestion-des-reserves\/","name":"Gestion des r\u00e9serves | Camping el Pino","isPartOf":{"@id":"https:\/\/www.campingelpino.com\/fr\/#website"},"datePublished":"2023-05-26T11:36:47+00:00","dateModified":"2025-03-10T16:27:30+00:00","breadcrumb":{"@id":"https:\/\/www.campingelpino.com\/fr\/gestion-des-reserves\/#breadcrumb"},"inLanguage":"fr-FR","potentialAction":[{"@type":"ReadAction","target":["https:\/\/www.campingelpino.com\/fr\/gestion-des-reserves\/"]}]},{"@type":"BreadcrumbList","@id":"https:\/\/www.campingelpino.com\/fr\/gestion-des-reserves\/#breadcrumb","itemListElement":[{"@type":"ListItem","position":1,"name":"Portada","item":"https:\/\/www.campingelpino.com\/fr\/"},{"@type":"ListItem","position":2,"name":"Gestion des r\u00e9serves"}]},{"@type":"WebSite","@id":"https:\/\/www.campingelpino.com\/fr\/#website","url":"https:\/\/www.campingelpino.com\/fr\/","name":"Camping el Pino","description":"","publisher":{"@id":"https:\/\/www.campingelpino.com\/fr\/#organization"},"potentialAction":[{"@type":"SearchAction","target":{"@type":"EntryPoint","urlTemplate":"https:\/\/www.campingelpino.com\/fr\/?s={search_term_string}"},"query-input":{"@type":"PropertyValueSpecification","valueRequired":true,"valueName":"search_term_string"}}],"inLanguage":"fr-FR"},{"@type":"Organization","@id":"https:\/\/www.campingelpino.com\/fr\/#organization","name":"Camping el Pino","url":"https:\/\/www.campingelpino.com\/fr\/","logo":{"@type":"ImageObject","inLanguage":"fr-FR","@id":"https:\/\/www.campingelpino.com\/fr\/#\/schema\/logo\/image\/","url":"https:\/\/www.campingelpino.com\/wp-content\/uploads\/2023\/05\/logo-campingelpino-complete.png","contentUrl":"https:\/\/www.campingelpino.com\/wp-content\/uploads\/2023\/05\/logo-campingelpino-complete.png","width":269,"height":150,"caption":"Camping el Pino"},"image":{"@id":"https:\/\/www.campingelpino.com\/fr\/#\/schema\/logo\/image\/"}}]}},"_links":{"self":[{"href":"https:\/\/www.campingelpino.com\/fr\/wp-json\/wp\/v2\/pages\/2878","targetHints":{"allow":["GET"]}}],"collection":[{"href":"https:\/\/www.campingelpino.com\/fr\/wp-json\/wp\/v2\/pages"}],"about":[{"href":"https:\/\/www.campingelpino.com\/fr\/wp-json\/wp\/v2\/types\/page"}],"author":[{"embeddable":true,"href":"https:\/\/www.campingelpino.com\/fr\/wp-json\/wp\/v2\/users\/1"}],"replies":[{"embeddable":true,"href":"https:\/\/www.campingelpino.com\/fr\/wp-json\/wp\/v2\/comments?post=2878"}],"version-history":[{"count":3,"href":"https:\/\/www.campingelpino.com\/fr\/wp-json\/wp\/v2\/pages\/2878\/revisions"}],"predecessor-version":[{"id":10086,"href":"https:\/\/www.campingelpino.com\/fr\/wp-json\/wp\/v2\/pages\/2878\/revisions\/10086"}],"wp:attachment":[{"href":"https:\/\/www.campingelpino.com\/fr\/wp-json\/wp\/v2\/media?parent=2878"}],"curies":[{"name":"wp","href":"https:\/\/api.w.org\/{rel}","templated":true}]}}