{"id":2895,"date":"2023-05-26T14:00:39","date_gmt":"2023-05-26T12:00:39","guid":{"rendered":"https:\/\/www.campingelpino.com\/normas\/"},"modified":"2025-07-08T15:37:40","modified_gmt":"2025-07-08T13:37:40","slug":"regeln","status":"publish","type":"page","link":"https:\/\/www.campingelpino.com\/de\/regeln\/","title":{"rendered":"Regeln"},"content":{"rendered":"<section class=\"l-section wpb_row us_custom_8d0d5162 header has_text_color height_large\"><div class=\"l-section-h i-cf\"><div class=\"g-cols vc_row via_flex valign_bottom type_default stacking_default\"><div class=\"vc_col-sm-12 wpb_column vc_column_container\"><div class=\"vc_column-inner\"><div class=\"wpb_wrapper\">[vc_custom_heading text=&#8220;Regeln&#8220; font_container=&#8220;tag:h1|text_align:left&#8220; use_theme_fonts=&#8220;yes&#8220;]<\/div><\/div><\/div><\/div><\/div><\/section><section class=\"l-section wpb_row height_large\"><div class=\"l-section-h i-cf\"><div class=\"g-cols vc_row via_flex valign_top type_default stacking_default\"><div class=\"vc_col-sm-12 wpb_column vc_column_container\"><div class=\"vc_column-inner\"><div class=\"wpb_wrapper\"><div class=\"wpb_text_column\"><div class=\"wpb_wrapper\"><h2>Interne Regeln<\/h2>\n<ul>\n<li>Die campingplatzleitung kann, in \u00dcbereinstimumng mit den internen geltenden Regeln, G\u00e4ste verweisen, wenn sie Sch\u00e4den anrichten, nicht auf die Sauberkeit des Platzes achten, sich nicht an die Vorschriften halten oder andere G\u00e4ste st\u00f6ren. Die Nichtbefolgung kann die Ausweisung bedeuten.<\/li>\n<li>Es ist verboten, machen Ger\u00e4usche (laute Musik, Fahrzeugmotoren usw.). Es ist ruhig Zeit von 24:00 bis 8:00.<\/li>\n<li>Geschwindigkeitsbegrenzung f\u00fcr Fahrzeuge innerhalb der Campinganlage 10 km\/h. Ein und Ausfahrten von Fahzeuge von 8:00 bis 24:00. Die\u00a0Fahrzeuge die keine Einfahrt gezahlt haben, d\u00fcrfen nicht zum ein-order ausladen hereinfahren.<\/li>\n<li>Abfahrt zwiischen 8:00 und 12:00. Ab 12:00 wird ein weiterer Tag berechnet.<\/li>\n<li>Der Aufenthalt im Camping Gelande muss im voraus bezahlt werden. Keine R\u00fcckgabe des Geldes. Die Besucher, die sich langer als Stunde auf dem Gelande aufhalten, die Toiletten benutzen oder an den Activit\u00e4ten teilnehmen, m\u00fcssen den vollen Betrag bezahlen. Wir k\u00f6nnen keine Schecksannehmen. Alle zu zahlen Elemente die du beim Check-in nicht erkl\u00e4rt hast (z.B Hunde, Strom&#8230;) sollen angerechnet werden vom ersten Tag ab.<\/li>\n<li>Die gelegentliche Nichtverf\u00fcgbarkeit einer unserer kostenlosen Dienstleistungen f\u00fchrt nicht zu einer finanziellen Entsch\u00e4digung oder einer teilweisen R\u00fcckerstattung.<\/li>\n<li>Die G\u00e4ste m\u00fcssen Ihren Ausweis bei der Rezepzion abgeben. Maz 1 Stunde. Nach 23:00 sind keine Besucher erlaubt.<\/li>\n<li>Die Betreiber des Camping-Platzes haften nicht f\u00fcr den Verlust von Gegenst\u00e4nden oder sch\u00e4den, durch Naturgewalt oder andere Personen. Eltern sind besetzte Stelle f\u00fcr die Sh\u00e1den, die von ihren Kindern oder Besuchern verusacht wurden.<\/li>\n<li>Keine Tiere erlaubt, nur Hunde un immer anzuleiten, mit g\u00fcltiger versicherung und unter der Verantwortung des eigent\u00fcmers. Hunde sind anzumelden und inmmer anzuleinen.<\/li>\n<li>Beh\u00e4lt sich das Recht vor, Haustiere in bestimmten Unterk\u00fcnften zuzulassen.<\/li>\n<li>Das Anbringen fester Elemente (Abschl\u00fcsse, Gehwege, Waschbecken, Grobger\u00e4te, Z\u00e4une, H\u00fcrden usw) its verboten. Das Schneiden von Vegetation, das Beschneiden von B\u00e4umen un das Einstecken scharfer Gegenst\u00e4nde in B\u00e4ume its verboten. Verboten.<\/li>\n<li>Feuer zu machen<\/li>\n<li>Es ist verboten, die Quellen trinkbaren Wassers zu benutzen, um Kleider oder Geschirr zu waschen.<\/li>\n<li>Ein Fahrrad wird als ain Motorrad betrachtet, ein Schlaftsach als ein Zelt und ein Auto zum schafen als ein Wohnwagen.<\/li>\n<li>Verboten die Verwedung von Lampen von mehr als 60 W un Elektroger\u00e4te von mehr als 300 W.<\/li>\n<li>Falls das Eigentum oder die Gegenst\u00e4nde, die sich auf der Parzelle befinden oder unbezahlt, l\u00e4nger als sechs Monate verlassen werden, beh\u00e4lt sich der Campingplatz das Recht der R\u00e4umung dieser vor, lassen Sie es zu den Verwaltungen.<\/li>\n<li>In allen ortsfesten Einrichtungen und Gemeinschaftsbereichen, die darauf hinweisen, ist das Rauchen verboten<\/li>\n<li>Regeln sind in Ihrer Rechnung. Wer nicht zur Einhaltung dieser Vorschriften werden gebeten zu verlassen.<\/li>\n<\/ul>\n<h2>Allgemeine bestimmungen<\/h2>\n<div class=\"normas-generales span6\">\n<p><strong>Um einen Bungalow oder ein Apartment zu reservieren:<\/strong><\/p>\n<ul>\n<li>Der Kunde kann die Reservierung online auf unserer Website oder telefonisch an der Rezeption vornehmen, wo er um die Informationen gebeten wird, um eine Vorreservierungs-E-Mail zu senden.<\/li>\n<li>Wenn Sie die Reservierung online vornehmen, zahlt der Kunde gleichzeitig 50 % des Gesamtbetrags der Reservierung und erh\u00e4lt sp\u00e4ter eine Best\u00e4tigungs-E-Mail. Wenn Sie telefonisch mit uns Kontakt aufnehmen, erhalten Sie in der E-Mail vor der Reservierung einen Link, \u00fcber den Sie innerhalb einer Stunde die Zahlung von 50 % Ihrer Reservierung vornehmen k\u00f6nnen. Wenn 50 % nicht eingehen, ist die Reservierung nicht wirksam und wird storniert.<\/li>\n<li>Bei Reservierungen, bei denen die Vorank\u00fcndigung der Reservierung l\u00e4nger als einen Monat dauert, kann der Kunde diese 50 % per \u00dcberweisung zahlen, um seine Reservierung innerhalb einer Frist von 1 bis 3 Tagen zu best\u00e4tigen. Wenn 50 % nicht innerhalb der angegebenen Frist eingehen, ist die Reservierung nicht wirksam und wird storniert.<\/li>\n<li>Die restlichen 50 % der Reservierung werden beim Check-in an der Rezeption bezahlt. Sie k\u00f6nnen den Rest Ihrer Reservierung mit Karte oder Bargeld bezahlen. Die Mindestkartenzahlung betr\u00e4gt 15 Euro. Bei Kurzaufenthalten ist eine Kaution in H\u00f6he von 50 Euro und bei Langzeitaufenthalten in H\u00f6he von 100 Euro zu hinterlegen. Diese Kaution wird in bar bezahlt.<\/li>\n<li>Wenn der Kunde beabsichtigt, nach der Schlie\u00dfung der Rezeption anzureisen, die das ganze Jahr \u00fcber um 20:00 Uhr, au\u00dfer im Juli um 21:00 Uhr und im August um 22:00 Uhr, ist, muss er dies im Voraus mitteilen.<\/li>\n<li>Der Check-in in der Unterkunft erfolgt um 16:00 Uhr und die Abreise sp\u00e4testens um 12:00 Uhr.<\/li>\n<li>Stornierungsbedingungen:\n<ul>\n<li>90 % des als Vorschuss \u00fcberwiesenen Betrags, wenn Sie 15 Tage oder l\u00e4nger im Voraus k\u00fcndigen.<\/li>\n<li>50 % des als Anzahlung \u00fcberwiesenen Betrags, wenn Sie mehr als 7 Tage im Voraus k\u00fcndigen.<\/li>\n<li>00 % des als Anzahlung \u00fcberwiesenen Betrags, wenn Sie weniger als 7 Tage im Voraus k\u00fcndigen.<\/li>\n<\/ul>\n<\/li>\n<li>Die Formalisierung Ihrer Reservierung setzt die Annahme der allgemeinen Reservierungsregeln durch den Kunden voraus. Sowie diejenigen des internen Regimes, die den Aufenthalt auf dem Campingplatz allgemein regeln.<\/li>\n<\/ul>\n<\/div>\n<\/div><\/div><\/div><\/div><\/div><\/div><\/div><\/section>\n","protected":false},"excerpt":{"rendered":"[vc_custom_heading text=\"Regeln\" font_container=\"tag:h1|text_align:left\" use_theme_fonts=\"yes\"]Interne Regeln Die campingplatzleitung kann, in \u00dcbereinstimumng mit den internen geltenden Regeln, G\u00e4ste verweisen, wenn sie Sch\u00e4den anrichten, nicht auf die Sauberkeit des Platzes achten, sich nicht an die Vorschriften halten oder andere G\u00e4ste st\u00f6ren. Die Nichtbefolgung kann die Ausweisung bedeuten. Es ist verboten, machen Ger\u00e4usche (laute Musik, Fahrzeugmotoren usw.). Es ist...","protected":false},"author":1,"featured_media":0,"parent":0,"menu_order":0,"comment_status":"closed","ping_status":"open","template":"","meta":{"_acf_changed":false,"footnotes":""},"class_list":["post-2895","page","type-page","status-publish","hentry"],"acf":[],"yoast_head":"<!-- This site is optimized with the Yoast SEO plugin v27.4 - https:\/\/yoast.com\/product\/yoast-seo-wordpress\/ -->\n<title>Regeln | Camping el Pino<\/title>\n<meta name=\"robots\" content=\"noindex, follow\" \/>\n<meta property=\"og:locale\" content=\"de_DE\" \/>\n<meta property=\"og:type\" content=\"article\" \/>\n<meta property=\"og:title\" content=\"Regeln | Camping el Pino\" \/>\n<meta property=\"og:url\" content=\"https:\/\/www.campingelpino.com\/de\/regeln\/\" \/>\n<meta property=\"og:site_name\" content=\"Camping el Pino\" \/>\n<meta property=\"article:modified_time\" content=\"2025-07-08T13:37:40+00:00\" \/>\n<meta property=\"og:image\" content=\"https:\/\/www.campingelpino.com\/wp-content\/uploads\/2023\/05\/bungalow1.jpg\" \/>\n\t<meta property=\"og:image:width\" content=\"1300\" \/>\n\t<meta property=\"og:image:height\" content=\"867\" \/>\n\t<meta property=\"og:image:type\" content=\"image\/jpeg\" \/>\n<meta name=\"twitter:card\" content=\"summary_large_image\" \/>\n<meta name=\"twitter:label1\" content=\"Gesch\u00e4tzte Lesezeit\" \/>\n\t<meta name=\"twitter:data1\" content=\"4\u00a0Minuten\" \/>\n<script type=\"application\/ld+json\" class=\"yoast-schema-graph\">{\"@context\":\"https:\\\/\\\/schema.org\",\"@graph\":[{\"@type\":\"WebPage\",\"@id\":\"https:\\\/\\\/www.campingelpino.com\\\/de\\\/regeln\\\/\",\"url\":\"https:\\\/\\\/www.campingelpino.com\\\/de\\\/regeln\\\/\",\"name\":\"Regeln | Camping el Pino\",\"isPartOf\":{\"@id\":\"https:\\\/\\\/www.campingelpino.com\\\/de\\\/#website\"},\"datePublished\":\"2023-05-26T12:00:39+00:00\",\"dateModified\":\"2025-07-08T13:37:40+00:00\",\"breadcrumb\":{\"@id\":\"https:\\\/\\\/www.campingelpino.com\\\/de\\\/regeln\\\/#breadcrumb\"},\"inLanguage\":\"de\",\"potentialAction\":[{\"@type\":\"ReadAction\",\"target\":[\"https:\\\/\\\/www.campingelpino.com\\\/de\\\/regeln\\\/\"]}]},{\"@type\":\"BreadcrumbList\",\"@id\":\"https:\\\/\\\/www.campingelpino.com\\\/de\\\/regeln\\\/#breadcrumb\",\"itemListElement\":[{\"@type\":\"ListItem\",\"position\":1,\"name\":\"Portada\",\"item\":\"https:\\\/\\\/www.campingelpino.com\\\/de\\\/\"},{\"@type\":\"ListItem\",\"position\":2,\"name\":\"Regeln\"}]},{\"@type\":\"WebSite\",\"@id\":\"https:\\\/\\\/www.campingelpino.com\\\/de\\\/#website\",\"url\":\"https:\\\/\\\/www.campingelpino.com\\\/de\\\/\",\"name\":\"Camping el Pino\",\"description\":\"\",\"publisher\":{\"@id\":\"https:\\\/\\\/www.campingelpino.com\\\/de\\\/#organization\"},\"potentialAction\":[{\"@type\":\"SearchAction\",\"target\":{\"@type\":\"EntryPoint\",\"urlTemplate\":\"https:\\\/\\\/www.campingelpino.com\\\/de\\\/?s={search_term_string}\"},\"query-input\":{\"@type\":\"PropertyValueSpecification\",\"valueRequired\":true,\"valueName\":\"search_term_string\"}}],\"inLanguage\":\"de\"},{\"@type\":\"Organization\",\"@id\":\"https:\\\/\\\/www.campingelpino.com\\\/de\\\/#organization\",\"name\":\"Camping el Pino\",\"url\":\"https:\\\/\\\/www.campingelpino.com\\\/de\\\/\",\"logo\":{\"@type\":\"ImageObject\",\"inLanguage\":\"de\",\"@id\":\"https:\\\/\\\/www.campingelpino.com\\\/de\\\/#\\\/schema\\\/logo\\\/image\\\/\",\"url\":\"https:\\\/\\\/www.campingelpino.com\\\/wp-content\\\/uploads\\\/2023\\\/05\\\/logo-campingelpino-complete.png\",\"contentUrl\":\"https:\\\/\\\/www.campingelpino.com\\\/wp-content\\\/uploads\\\/2023\\\/05\\\/logo-campingelpino-complete.png\",\"width\":269,\"height\":150,\"caption\":\"Camping el Pino\"},\"image\":{\"@id\":\"https:\\\/\\\/www.campingelpino.com\\\/de\\\/#\\\/schema\\\/logo\\\/image\\\/\"}}]}<\/script>\n<!-- \/ Yoast SEO plugin. -->","yoast_head_json":{"title":"Regeln | Camping el Pino","robots":{"index":"noindex","follow":"follow"},"og_locale":"de_DE","og_type":"article","og_title":"Regeln | Camping el Pino","og_url":"https:\/\/www.campingelpino.com\/de\/regeln\/","og_site_name":"Camping el Pino","article_modified_time":"2025-07-08T13:37:40+00:00","og_image":[{"width":1300,"height":867,"url":"https:\/\/www.campingelpino.com\/wp-content\/uploads\/2023\/05\/bungalow1.jpg","type":"image\/jpeg"}],"twitter_card":"summary_large_image","twitter_misc":{"Gesch\u00e4tzte Lesezeit":"4\u00a0Minuten"},"schema":{"@context":"https:\/\/schema.org","@graph":[{"@type":"WebPage","@id":"https:\/\/www.campingelpino.com\/de\/regeln\/","url":"https:\/\/www.campingelpino.com\/de\/regeln\/","name":"Regeln | Camping el Pino","isPartOf":{"@id":"https:\/\/www.campingelpino.com\/de\/#website"},"datePublished":"2023-05-26T12:00:39+00:00","dateModified":"2025-07-08T13:37:40+00:00","breadcrumb":{"@id":"https:\/\/www.campingelpino.com\/de\/regeln\/#breadcrumb"},"inLanguage":"de","potentialAction":[{"@type":"ReadAction","target":["https:\/\/www.campingelpino.com\/de\/regeln\/"]}]},{"@type":"BreadcrumbList","@id":"https:\/\/www.campingelpino.com\/de\/regeln\/#breadcrumb","itemListElement":[{"@type":"ListItem","position":1,"name":"Portada","item":"https:\/\/www.campingelpino.com\/de\/"},{"@type":"ListItem","position":2,"name":"Regeln"}]},{"@type":"WebSite","@id":"https:\/\/www.campingelpino.com\/de\/#website","url":"https:\/\/www.campingelpino.com\/de\/","name":"Camping el Pino","description":"","publisher":{"@id":"https:\/\/www.campingelpino.com\/de\/#organization"},"potentialAction":[{"@type":"SearchAction","target":{"@type":"EntryPoint","urlTemplate":"https:\/\/www.campingelpino.com\/de\/?s={search_term_string}"},"query-input":{"@type":"PropertyValueSpecification","valueRequired":true,"valueName":"search_term_string"}}],"inLanguage":"de"},{"@type":"Organization","@id":"https:\/\/www.campingelpino.com\/de\/#organization","name":"Camping el Pino","url":"https:\/\/www.campingelpino.com\/de\/","logo":{"@type":"ImageObject","inLanguage":"de","@id":"https:\/\/www.campingelpino.com\/de\/#\/schema\/logo\/image\/","url":"https:\/\/www.campingelpino.com\/wp-content\/uploads\/2023\/05\/logo-campingelpino-complete.png","contentUrl":"https:\/\/www.campingelpino.com\/wp-content\/uploads\/2023\/05\/logo-campingelpino-complete.png","width":269,"height":150,"caption":"Camping el Pino"},"image":{"@id":"https:\/\/www.campingelpino.com\/de\/#\/schema\/logo\/image\/"}}]}},"_links":{"self":[{"href":"https:\/\/www.campingelpino.com\/de\/wp-json\/wp\/v2\/pages\/2895","targetHints":{"allow":["GET"]}}],"collection":[{"href":"https:\/\/www.campingelpino.com\/de\/wp-json\/wp\/v2\/pages"}],"about":[{"href":"https:\/\/www.campingelpino.com\/de\/wp-json\/wp\/v2\/types\/page"}],"author":[{"embeddable":true,"href":"https:\/\/www.campingelpino.com\/de\/wp-json\/wp\/v2\/users\/1"}],"replies":[{"embeddable":true,"href":"https:\/\/www.campingelpino.com\/de\/wp-json\/wp\/v2\/comments?post=2895"}],"version-history":[{"count":7,"href":"https:\/\/www.campingelpino.com\/de\/wp-json\/wp\/v2\/pages\/2895\/revisions"}],"predecessor-version":[{"id":12147,"href":"https:\/\/www.campingelpino.com\/de\/wp-json\/wp\/v2\/pages\/2895\/revisions\/12147"}],"wp:attachment":[{"href":"https:\/\/www.campingelpino.com\/de\/wp-json\/wp\/v2\/media?parent=2895"}],"curies":[{"name":"wp","href":"https:\/\/api.w.org\/{rel}","templated":true}]}}