{"id":2879,"date":"2023-05-26T13:36:47","date_gmt":"2023-05-26T11:36:47","guid":{"rendered":"https:\/\/www.campingelpino.com\/gestion-de-reservas\/"},"modified":"2025-03-10T19:38:25","modified_gmt":"2025-03-10T17:38:25","slug":"reservierungen","status":"publish","type":"page","link":"https:\/\/www.campingelpino.com\/de\/reservierungen\/","title":{"rendered":"Reservierungen"},"content":{"rendered":"<section class=\"l-section wpb_row us_custom_8d0d5162 header has_text_color height_large\"><div class=\"l-section-h i-cf\"><div class=\"g-cols vc_row via_flex valign_bottom type_default stacking_default\"><div class=\"vc_col-sm-12 wpb_column vc_column_container\"><div class=\"vc_column-inner\"><div class=\"wpb_wrapper\">[vc_custom_heading text=&#8220;Reservierungen&#8220; font_container=&#8220;tag:h1|text_align:left&#8220; use_theme_fonts=&#8220;yes&#8220;]<\/div><\/div><\/div><\/div><\/div><\/section><section class=\"l-section wpb_row height_large\"><div class=\"l-section-h i-cf\"><div class=\"g-cols vc_row via_flex valign_top type_default stacking_default\"><div class=\"vc_col-sm-12 wpb_column vc_column_container\"><div class=\"vc_column-inner\"><div class=\"wpb_wrapper\"><div class=\"wpb_text_column\"><div class=\"wpb_wrapper\"><h2 class=\"titulo-color\">Allgemeine Regeln f\u00fcr die Reservierung Ein Bungalow<\/h2>\n<p>Zu buchen, m\u00fcssen Sie Ihre pers\u00f6nlichen Daten an der Rezeption (Name und vollst\u00e4ndiger Name, Adresse, Telefonnummer, usw.). Dies kann durch eh. Internet, per Telefon oder E-Mail.<\/p>\n<p>Dann, Ihre Anfrage wird gehalten, bis wir die Anzahlung in H\u00f6he von 50% des Gesamtbetrags durch Geld, um die Adresse, die Sie erhalten (wir nicht akzeptieren, weder \u00fcberpr\u00fcft) (Wenn Sie mit dem Geld um, wir werden uns umgehend mit Ihnen).<\/p>\n<p>Der Rest des Aufenthaltes wird in bar entrichtet, wenn Sie, nachdem Sie haben gezeigt, einen Nachweis \u00fcber die Identit\u00e4t.<\/p>\n<p>Die Ankunft wird ab 16:00 Uhr, und die Abreise vor 12:00 Uhr.<\/p>\n<h3 class=\"titulo-color\">Notizen<\/h3>\n<p>Der Gast ist verantwortlich f\u00fcr die korrekte Zahl der Personen im Bungalow oder Appartement. Der Empfang kann die den Eingang, oder fragen zu lassen, um diejenigen, die nicht registriert zuvor von der Inhaber der Buchung. Keine beschwert wird in diesen F\u00e4llen.<\/p>\n<p>Jeder Bungalow hat einen Parkplatz f\u00fcr ein Fahrzeug. Wenn der Gast mehr als ein Fahrzeug, der Campingplatz ist nicht verantwortlich f\u00fcr die Suche nach einem Platz zum Zelten im Inneren des Parks.<\/p>\n<p>Pro Bungalow, Wohnung sind maximal 2 Hunde erlaubt, in diesem Fall wird ein Aufpreis nach den aktuellen Tarifen berechnet.<\/p>\n<h3 class=\"titulo-color\">Stornierungen<\/h3>\n<p>Die Stonierungsgeb\u00fchren sind wie folgt:<\/p>\n<ul>\n<li>Bei einer Stornierung von mindestens 15 Tagen in Voraus, werden 90% des Vorchusses zur\u00fcckerstattet.<\/li>\n<li>Mit mehr als 7 Tagen im Voraus 50% des Vorschusses.<\/li>\n<li>Mit weniger als 7 Tagen im Voraus, wird von dem gezahlten Betrag nichts zur\u00fcckgefordert.<\/li>\n<\/ul>\n<h3 class=\"titulo-color\">Zahlungsformular<\/h3>\n<p>Die Reservierung ist abgeschlossen, wenn der Kunde mindestens 50% des Gesamtaufenthalts bezahlt hat, nur in den Jahreszeiten, in denen dies erforderlich ist.<\/p>\n<p>Die Zahlungsweise wird sein:<\/p>\n<ul>\n<li>50% des Gesamtbetrages werden als Reservierung bezahlt.<\/li>\n<li>Die anderen 50% des Gesamtbetrages werden am Tag Ihrer Ankunft bezahlt.<\/li>\n<\/ul>\n<h3 class=\"titulo-color\">Anomalien und M\u00e4ngel<\/h3>\n<p>Wenn findet der Gast eine Anomalie oder M\u00e4ngel in der Wohnung oder Bungalow Tag der Anreise, sollte er unverz\u00fcglich an der Rezeption. Von nun an, der Gast wird verantwortlich gemacht f\u00fcr die Sch\u00e4den, die in der Bungalow oder seine M\u00f6bel.<\/p>\n<\/div><\/div><\/div><\/div><\/div><\/div><\/div><\/section>\n","protected":false},"excerpt":{"rendered":"[vc_custom_heading text=\"Reservierungen\" font_container=\"tag:h1|text_align:left\" use_theme_fonts=\"yes\"]Allgemeine Regeln f\u00fcr die Reservierung Ein Bungalow Zu buchen, m\u00fcssen Sie Ihre pers\u00f6nlichen Daten an der Rezeption (Name und vollst\u00e4ndiger Name, Adresse, Telefonnummer, usw.). Dies kann durch eh. Internet, per Telefon oder E-Mail. Dann, Ihre Anfrage wird gehalten, bis wir die Anzahlung in H\u00f6he von 50% des Gesamtbetrags durch Geld, um die...","protected":false},"author":1,"featured_media":0,"parent":0,"menu_order":0,"comment_status":"closed","ping_status":"open","template":"","meta":{"_acf_changed":false,"footnotes":""},"class_list":["post-2879","page","type-page","status-publish","hentry"],"acf":[],"yoast_head":"<!-- This site is optimized with the Yoast SEO plugin v27.4 - https:\/\/yoast.com\/product\/yoast-seo-wordpress\/ -->\n<title>Reservierungen | Camping el Pino<\/title>\n<meta name=\"robots\" content=\"noindex, follow\" \/>\n<meta property=\"og:locale\" content=\"de_DE\" \/>\n<meta property=\"og:type\" content=\"article\" \/>\n<meta property=\"og:title\" content=\"Reservierungen | Camping el Pino\" \/>\n<meta property=\"og:url\" content=\"https:\/\/www.campingelpino.com\/de\/reservierungen\/\" \/>\n<meta property=\"og:site_name\" content=\"Camping el Pino\" \/>\n<meta property=\"article:modified_time\" content=\"2025-03-10T17:38:25+00:00\" \/>\n<meta property=\"og:image\" content=\"https:\/\/www.campingelpino.com\/wp-content\/uploads\/2023\/05\/bungalow1.jpg\" \/>\n\t<meta property=\"og:image:width\" content=\"1300\" \/>\n\t<meta property=\"og:image:height\" content=\"867\" \/>\n\t<meta property=\"og:image:type\" content=\"image\/jpeg\" \/>\n<meta name=\"twitter:card\" content=\"summary_large_image\" \/>\n<meta name=\"twitter:label1\" content=\"Gesch\u00e4tzte Lesezeit\" \/>\n\t<meta name=\"twitter:data1\" content=\"2\u00a0Minuten\" \/>\n<script type=\"application\/ld+json\" class=\"yoast-schema-graph\">{\"@context\":\"https:\\\/\\\/schema.org\",\"@graph\":[{\"@type\":\"WebPage\",\"@id\":\"https:\\\/\\\/www.campingelpino.com\\\/de\\\/reservierungen\\\/\",\"url\":\"https:\\\/\\\/www.campingelpino.com\\\/de\\\/reservierungen\\\/\",\"name\":\"Reservierungen | Camping el Pino\",\"isPartOf\":{\"@id\":\"https:\\\/\\\/www.campingelpino.com\\\/de\\\/#website\"},\"datePublished\":\"2023-05-26T11:36:47+00:00\",\"dateModified\":\"2025-03-10T17:38:25+00:00\",\"breadcrumb\":{\"@id\":\"https:\\\/\\\/www.campingelpino.com\\\/de\\\/reservierungen\\\/#breadcrumb\"},\"inLanguage\":\"de\",\"potentialAction\":[{\"@type\":\"ReadAction\",\"target\":[\"https:\\\/\\\/www.campingelpino.com\\\/de\\\/reservierungen\\\/\"]}]},{\"@type\":\"BreadcrumbList\",\"@id\":\"https:\\\/\\\/www.campingelpino.com\\\/de\\\/reservierungen\\\/#breadcrumb\",\"itemListElement\":[{\"@type\":\"ListItem\",\"position\":1,\"name\":\"Portada\",\"item\":\"https:\\\/\\\/www.campingelpino.com\\\/de\\\/\"},{\"@type\":\"ListItem\",\"position\":2,\"name\":\"Reservierungen\"}]},{\"@type\":\"WebSite\",\"@id\":\"https:\\\/\\\/www.campingelpino.com\\\/de\\\/#website\",\"url\":\"https:\\\/\\\/www.campingelpino.com\\\/de\\\/\",\"name\":\"Camping el Pino\",\"description\":\"\",\"publisher\":{\"@id\":\"https:\\\/\\\/www.campingelpino.com\\\/de\\\/#organization\"},\"potentialAction\":[{\"@type\":\"SearchAction\",\"target\":{\"@type\":\"EntryPoint\",\"urlTemplate\":\"https:\\\/\\\/www.campingelpino.com\\\/de\\\/?s={search_term_string}\"},\"query-input\":{\"@type\":\"PropertyValueSpecification\",\"valueRequired\":true,\"valueName\":\"search_term_string\"}}],\"inLanguage\":\"de\"},{\"@type\":\"Organization\",\"@id\":\"https:\\\/\\\/www.campingelpino.com\\\/de\\\/#organization\",\"name\":\"Camping el Pino\",\"url\":\"https:\\\/\\\/www.campingelpino.com\\\/de\\\/\",\"logo\":{\"@type\":\"ImageObject\",\"inLanguage\":\"de\",\"@id\":\"https:\\\/\\\/www.campingelpino.com\\\/de\\\/#\\\/schema\\\/logo\\\/image\\\/\",\"url\":\"https:\\\/\\\/www.campingelpino.com\\\/wp-content\\\/uploads\\\/2023\\\/05\\\/logo-campingelpino-complete.png\",\"contentUrl\":\"https:\\\/\\\/www.campingelpino.com\\\/wp-content\\\/uploads\\\/2023\\\/05\\\/logo-campingelpino-complete.png\",\"width\":269,\"height\":150,\"caption\":\"Camping el Pino\"},\"image\":{\"@id\":\"https:\\\/\\\/www.campingelpino.com\\\/de\\\/#\\\/schema\\\/logo\\\/image\\\/\"}}]}<\/script>\n<!-- \/ Yoast SEO plugin. -->","yoast_head_json":{"title":"Reservierungen | Camping el Pino","robots":{"index":"noindex","follow":"follow"},"og_locale":"de_DE","og_type":"article","og_title":"Reservierungen | Camping el Pino","og_url":"https:\/\/www.campingelpino.com\/de\/reservierungen\/","og_site_name":"Camping el Pino","article_modified_time":"2025-03-10T17:38:25+00:00","og_image":[{"width":1300,"height":867,"url":"https:\/\/www.campingelpino.com\/wp-content\/uploads\/2023\/05\/bungalow1.jpg","type":"image\/jpeg"}],"twitter_card":"summary_large_image","twitter_misc":{"Gesch\u00e4tzte Lesezeit":"2\u00a0Minuten"},"schema":{"@context":"https:\/\/schema.org","@graph":[{"@type":"WebPage","@id":"https:\/\/www.campingelpino.com\/de\/reservierungen\/","url":"https:\/\/www.campingelpino.com\/de\/reservierungen\/","name":"Reservierungen | Camping el Pino","isPartOf":{"@id":"https:\/\/www.campingelpino.com\/de\/#website"},"datePublished":"2023-05-26T11:36:47+00:00","dateModified":"2025-03-10T17:38:25+00:00","breadcrumb":{"@id":"https:\/\/www.campingelpino.com\/de\/reservierungen\/#breadcrumb"},"inLanguage":"de","potentialAction":[{"@type":"ReadAction","target":["https:\/\/www.campingelpino.com\/de\/reservierungen\/"]}]},{"@type":"BreadcrumbList","@id":"https:\/\/www.campingelpino.com\/de\/reservierungen\/#breadcrumb","itemListElement":[{"@type":"ListItem","position":1,"name":"Portada","item":"https:\/\/www.campingelpino.com\/de\/"},{"@type":"ListItem","position":2,"name":"Reservierungen"}]},{"@type":"WebSite","@id":"https:\/\/www.campingelpino.com\/de\/#website","url":"https:\/\/www.campingelpino.com\/de\/","name":"Camping el Pino","description":"","publisher":{"@id":"https:\/\/www.campingelpino.com\/de\/#organization"},"potentialAction":[{"@type":"SearchAction","target":{"@type":"EntryPoint","urlTemplate":"https:\/\/www.campingelpino.com\/de\/?s={search_term_string}"},"query-input":{"@type":"PropertyValueSpecification","valueRequired":true,"valueName":"search_term_string"}}],"inLanguage":"de"},{"@type":"Organization","@id":"https:\/\/www.campingelpino.com\/de\/#organization","name":"Camping el Pino","url":"https:\/\/www.campingelpino.com\/de\/","logo":{"@type":"ImageObject","inLanguage":"de","@id":"https:\/\/www.campingelpino.com\/de\/#\/schema\/logo\/image\/","url":"https:\/\/www.campingelpino.com\/wp-content\/uploads\/2023\/05\/logo-campingelpino-complete.png","contentUrl":"https:\/\/www.campingelpino.com\/wp-content\/uploads\/2023\/05\/logo-campingelpino-complete.png","width":269,"height":150,"caption":"Camping el Pino"},"image":{"@id":"https:\/\/www.campingelpino.com\/de\/#\/schema\/logo\/image\/"}}]}},"_links":{"self":[{"href":"https:\/\/www.campingelpino.com\/de\/wp-json\/wp\/v2\/pages\/2879","targetHints":{"allow":["GET"]}}],"collection":[{"href":"https:\/\/www.campingelpino.com\/de\/wp-json\/wp\/v2\/pages"}],"about":[{"href":"https:\/\/www.campingelpino.com\/de\/wp-json\/wp\/v2\/types\/page"}],"author":[{"embeddable":true,"href":"https:\/\/www.campingelpino.com\/de\/wp-json\/wp\/v2\/users\/1"}],"replies":[{"embeddable":true,"href":"https:\/\/www.campingelpino.com\/de\/wp-json\/wp\/v2\/comments?post=2879"}],"version-history":[{"count":7,"href":"https:\/\/www.campingelpino.com\/de\/wp-json\/wp\/v2\/pages\/2879\/revisions"}],"predecessor-version":[{"id":10095,"href":"https:\/\/www.campingelpino.com\/de\/wp-json\/wp\/v2\/pages\/2879\/revisions\/10095"}],"wp:attachment":[{"href":"https:\/\/www.campingelpino.com\/de\/wp-json\/wp\/v2\/media?parent=2879"}],"curies":[{"name":"wp","href":"https:\/\/api.w.org\/{rel}","templated":true}]}}