{"id":2796,"date":"2023-06-13T17:25:53","date_gmt":"2023-06-13T15:25:53","guid":{"rendered":"https:\/\/www.campingelpino.com\/cultura\/"},"modified":"2023-06-23T13:09:15","modified_gmt":"2023-06-23T11:09:15","slug":"kultur","status":"publish","type":"page","link":"https:\/\/www.campingelpino.com\/de\/kultur\/","title":{"rendered":"Kultur"},"content":{"rendered":"<section class=\"l-section wpb_row us_custom_3750abe4 header has_text_color height_large\"><div class=\"l-section-h i-cf\"><div class=\"g-cols vc_row via_flex valign_bottom type_default stacking_default\"><div class=\"vc_col-sm-12 wpb_column vc_column_container\"><div class=\"vc_column-inner\"><div class=\"wpb_wrapper\">[vc_custom_heading text=&#8220;Cultura y entretenimiento&#8220; font_container=&#8220;tag:h1|text_align:left&#8220; use_theme_fonts=&#8220;yes&#8220;]<\/div><\/div><\/div><\/div><\/div><\/section><section class=\"l-section wpb_row height_large\"><div class=\"l-section-h i-cf\"><div class=\"g-cols vc_row via_flex valign_middle type_default stacking_default\"><div class=\"vc_col-sm-6 wpb_column vc_column_container\"><div class=\"vc_column-inner\"><div class=\"wpb_wrapper\"><div class=\"wpb_text_column list-icon\"><div class=\"wpb_wrapper\"><p>Visitas destacadas en Torrox y alrededores:<\/p>\n<p>Conjunto romano del Faro de Torrox (villa romana, termas, necr\u00f3polis&#8230;), parroquia de Nuestra Se\u00f1ora de la Encarnaci\u00f3n, ermita y convento de Nuestra Se\u00f1ora de las Nieves, iglesia de San Roque, Casa de la Moneda, la torre de G\u00fci, etc.<\/p>\n<ul>\n<li>Qu\u00e9 hacer en Torrox: <a href=\"http:\/\/www.turismotorrox.es\/\" target=\"_blank\" rel=\"nofollow noopener\">aqu\u00ed<\/a><\/li>\n<li>Qu\u00e9 hacer en Nerja: <a href=\"https:\/\/www.nerja-turismo.com\/\" target=\"_blank\" rel=\"nofollow noopener\">aqu\u00ed<\/a><\/li>\n<li>Qu\u00e9 hacer en Frigiliana: <a href=\"https:\/\/imanesdeviaje.com\/que-ver-en-frigiliana\/\" target=\"_blank\" rel=\"nofollow noopener\">aqu\u00ed<\/a><\/li>\n<li>Qu\u00e9 hacer en M\u00e1laga: <a href=\"https:\/\/visita.malaga.eu\/es\/\" target=\"_blank\" rel=\"nofollow noopener\">aqu\u00ed<\/a><\/li>\n<\/ul>\n<\/div><\/div><\/div><\/div><\/div><div class=\"vc_col-sm-6 wpb_column vc_column_container\"><div class=\"vc_column-inner\"><div class=\"wpb_wrapper\"><div class=\"w-grid type_carousel layout_338 preload_style_spinner ratio_custom\" id=\"us_grid_1\" style=\"--item-ratio:0.42857;\"><style>.layout_338 .w-grid-item-h{border-radius:0.5rem}.layout_338 .usg_vwrapper_1{position:absolute!important;left:0!important;bottom:0!important;right:0!important;background:linear-gradient(transparent,rgba(30,30,30,0.8))!important;padding:15% 7% 6% 7%!important}<\/style><div class=\"w-grid-list owl-carousel valign_stretch dotstyle_circle navstyle_circle navpos_outside owl-responsive-2000 with_dots\" style=\"--transition-duration:350ms;\">\t<article class=\"w-grid-item post-1815 attachment type-attachment status-inherit hentry\" data-id=\"1815\">\r\n\t\t<div class=\"w-grid-item-h\">\r\n\t\t\t\t\t\t<div class=\"w-post-elm post_image usg_post_image_1 has_ratio\"><img loading=\"lazy\" decoding=\"async\" width=\"1200\" height=\"800\" src=\"https:\/\/www.campingelpino.com\/wp-content\/uploads\/2023\/06\/cultura1.jpg\" class=\"attachment-full size-full\" alt=\"\" \/><div style=\"padding-bottom:66.6667%\"><\/div><\/div><div class=\"w-vwrapper usg_vwrapper_1\" style=\"--vwrapper-gap:0px\"><\/div>\t\t<\/div>\r\n\t\t\t<\/article>\r\n\t<article class=\"w-grid-item post-1819 attachment type-attachment status-inherit hentry\" data-id=\"1819\">\r\n\t\t<div class=\"w-grid-item-h\">\r\n\t\t\t\t\t\t<div class=\"w-post-elm post_image usg_post_image_1 has_ratio\"><img loading=\"lazy\" decoding=\"async\" width=\"1200\" height=\"800\" src=\"https:\/\/www.campingelpino.com\/wp-content\/uploads\/2023\/06\/cultura2.jpg\" class=\"attachment-full size-full\" alt=\"\" \/><div style=\"padding-bottom:66.6667%\"><\/div><\/div><div class=\"w-vwrapper usg_vwrapper_1\" style=\"--vwrapper-gap:0px\"><\/div>\t\t<\/div>\r\n\t\t\t<\/article>\r\n\t<article class=\"w-grid-item post-1823 attachment type-attachment status-inherit hentry\" data-id=\"1823\">\r\n\t\t<div class=\"w-grid-item-h\">\r\n\t\t\t\t\t\t<div class=\"w-post-elm post_image usg_post_image_1 has_ratio\"><img loading=\"lazy\" decoding=\"async\" width=\"1200\" height=\"801\" src=\"https:\/\/www.campingelpino.com\/wp-content\/uploads\/2023\/06\/cultura3.jpg\" class=\"attachment-full size-full\" alt=\"\" \/><div style=\"padding-bottom:66.6667%\"><\/div><\/div><div class=\"w-vwrapper usg_vwrapper_1\" style=\"--vwrapper-gap:0px\"><\/div>\t\t<\/div>\r\n\t\t\t<\/article>\r\n<\/div>\t<div class=\"g-preloader type_1\">\r\n\t\t<div><\/div>\r\n\t<\/div>\r\n\t\t<div class=\"w-grid-json hidden\" onclick='return {&quot;action&quot;:&quot;us_ajax_grid&quot;,&quot;infinite_scroll&quot;:0,&quot;max_num_pages&quot;:1,&quot;pagination&quot;:&quot;none&quot;,&quot;template_vars&quot;:{&quot;columns&quot;:&quot;&quot;,&quot;exclude_items&quot;:&quot;none&quot;,&quot;img_size&quot;:&quot;default&quot;,&quot;ignore_items_size&quot;:0,&quot;items_layout&quot;:&quot;338&quot;,&quot;items_offset&quot;:&quot;0px&quot;,&quot;load_animation&quot;:&quot;none&quot;,&quot;overriding_link&quot;:&quot;{\\&quot;url\\&quot;:\\&quot;\\&quot;}&quot;,&quot;post_id&quot;:0,&quot;query_args&quot;:{&quot;post_type&quot;:[&quot;attachment&quot;],&quot;post__in&quot;:[&quot;770&quot;,&quot;771&quot;,&quot;774&quot;],&quot;post_status&quot;:&quot;inherit&quot;,&quot;post_mime_type&quot;:&quot;image&quot;,&quot;posts_per_page&quot;:999},&quot;orderby_query_args&quot;:{&quot;orderby&quot;:{&quot;post__in&quot;:&quot;ASC&quot;},&quot;order&quot;:&quot;ASC&quot;},&quot;type&quot;:&quot;carousel&quot;,&quot;us_grid_post_type&quot;:&quot;attachment&quot;,&quot;us_grid_ajax_index&quot;:1,&quot;us_grid_filter_query_string&quot;:null,&quot;us_grid_index&quot;:1,&quot;page_args&quot;:[],&quot;lang&quot;:&quot;de&quot;},&quot;carousel_settings&quot;:{&quot;aria_labels&quot;:{&quot;prev&quot;:&quot;Zur\\u00fcck&quot;,&quot;next&quot;:&quot;Weiter&quot;},&quot;autoplayContinual&quot;:false,&quot;autoplayHoverPause&quot;:false,&quot;autoplayTimeout&quot;:5000,&quot;autoWidth&quot;:false,&quot;smartSpeed&quot;:350,&quot;margin&quot;:0,&quot;mouseDrag&quot;:true,&quot;rtl&quot;:false,&quot;slideBy&quot;:&quot;1&quot;,&quot;touchDrag&quot;:true,&quot;slideTransition&quot;:&quot;&quot;,&quot;animateIn&quot;:&quot;fadeIn&quot;,&quot;animateOut&quot;:&quot;fadeOut&quot;,&quot;responsive&quot;:{&quot;0&quot;:{&quot;autoHeight&quot;:false,&quot;autoplay&quot;:true,&quot;autoWidth&quot;:false,&quot;center&quot;:false,&quot;dots&quot;:true,&quot;items&quot;:1,&quot;loop&quot;:true,&quot;nav&quot;:false,&quot;stagePadding&quot;:0,&quot;slideBy&quot;:&quot;1&quot;},&quot;992&quot;:{&quot;autoHeight&quot;:false,&quot;autoplay&quot;:true,&quot;autoWidth&quot;:false,&quot;center&quot;:false,&quot;dots&quot;:true,&quot;items&quot;:1,&quot;loop&quot;:true,&quot;nav&quot;:false,&quot;stagePadding&quot;:0,&quot;slideBy&quot;:&quot;1&quot;},&quot;1221&quot;:{&quot;autoHeight&quot;:false,&quot;autoplay&quot;:true,&quot;autoWidth&quot;:false,&quot;center&quot;:false,&quot;dots&quot;:true,&quot;items&quot;:1,&quot;loop&quot;:true,&quot;nav&quot;:false,&quot;stagePadding&quot;:0,&quot;slideBy&quot;:&quot;1&quot;},&quot;1581&quot;:{&quot;items&quot;:1,&quot;autoplay&quot;:true,&quot;center&quot;:false,&quot;dots&quot;:true,&quot;nav&quot;:false,&quot;autoHeight&quot;:false,&quot;autoWidth&quot;:false,&quot;loop&quot;:true,&quot;stagePadding&quot;:0}}}}'><\/div>\r\n\t<\/div><\/div><\/div><\/div><\/div><\/div><\/section><section class=\"l-section wpb_row us_custom_df019a38 prices height_large\"><div class=\"l-section-overlay\" style=\"background:rgba(255,111,89,0.20)\"><\/div><div class=\"l-section-h i-cf\"><div class=\"g-cols vc_row via_flex valign_top type_default stacking_default\"><div class=\"vc_col-sm-12 wpb_column vc_column_container\"><div class=\"vc_column-inner\"><div class=\"wpb_wrapper\"><div class=\"w-tabs prices style_default switch_click accordion type_togglable has_scrolling\" style=\"--sections-title-size:inherit\"><div class=\"w-tabs-sections titles-align_none icon_plus cpos_right\"><div class=\"w-tabs-section\" id=\"f4e3\"><button class=\"w-tabs-section-header\" aria-controls=\"content-f4e3\" aria-expanded=\"false\"><h2 class=\"w-tabs-section-title\">Monumentos de inter\u00e9s tur\u00edstico en M\u00e1laga<\/h2><div class=\"w-tabs-section-control\"><\/div><\/button><div  class=\"w-tabs-section-content\" id=\"content-f4e3\"><div class=\"w-tabs-section-content-h i-cf\"><div class=\"wpb_text_column list-icon\"><div class=\"wpb_wrapper\"><p>A la hora de recorrer M\u00e1laga, atractivas propuestas surgen, y no podemos irnos sin dejar de pasar por diversos sitios que tras el paso hist\u00f3rico de numerosos pueblos, han dejado un valiosos y variado patrimonio cultural como por ejemplo:<\/p>\n<p>El Teatro Romano, construido en el siglo I d. C. El Castillo de Gibralfaro de base fenicia, construida por el rey Yusuf I en la \u00e9poca \u00e1rabe, situado en la cima del monte del mismo nombre; en pleno centro de la ciudad y a los pies de Gibralfaro est\u00e1 la Alcazaba, palacio-fortaleza musulm\u00e1n, de la \u00e9poca nazar\u00ed.<\/p>\n<p>Luego de la conquista cristiana se construye la imponente Catedral de la Encarnaci\u00f3n, junto a la cual se encuentra el Palacio Episcopal, con una bell\u00edsima fachada barroca.<\/p>\n<ul>\n<li><a href=\"https:\/\/www.alcazabamalaga.com\/es\/\" target=\"_blank\" rel=\"noopener\">La Alcazaba<\/a><\/li>\n<li><a href=\"https:\/\/malagacatedral.com\/\" target=\"_blank\" rel=\"noopener\">La Catedral<\/a><\/li>\n<li><a href=\"https:\/\/www.juntadeandalucia.es\/cultura\/enclaves\/enclave-arqueologico-teatro-romano-de-malaga\" target=\"_blank\" rel=\"noopener\">El Teatro romano<\/a><\/li>\n<li><a href=\"https:\/\/alcazabaygibralfaro.malaga.eu\/es\/\" target=\"_blank\" rel=\"noopener\">El Castillo de Gibralfaro<\/a><\/li>\n<li><a href=\"https:\/\/laconcepcion.malaga.eu\/\" target=\"_blank\" rel=\"noopener\">Jard\u00edn Bot\u00e1nico<\/a><\/li>\n<\/ul>\n<\/div><\/div><\/div><\/div><\/div><div class=\"w-tabs-section\" id=\"n7c5\"><button class=\"w-tabs-section-header\" aria-controls=\"content-n7c5\" aria-expanded=\"false\"><h2 class=\"w-tabs-section-title\">Museos<\/h2><div class=\"w-tabs-section-control\"><\/div><\/button><div  class=\"w-tabs-section-content\" id=\"content-n7c5\"><div class=\"w-tabs-section-content-h i-cf\"><div class=\"wpb_text_column list-icon\"><div class=\"wpb_wrapper\"><ul>\n<li><a href=\"https:\/\/www.malaga.es\/es\/laprovincia\/patrimonio\/lis_cd-4135\/museo-de-las-miniaturas\" target=\"_blank\" rel=\"noopener\">Museo de las miniaturas, Torrox<\/a><\/li>\n<li><a href=\"https:\/\/www.cuevadenerja.es\/museodenerja\/\" target=\"_blank\" rel=\"noopener\">Museo de Nerja<\/a><\/li>\n<li><a href=\"https:\/\/centrepompidou-malaga.eu\/\" target=\"_blank\" rel=\"noopener\">Museo Pompid\u00fa en M\u00e1laga<\/a><\/li>\n<li><a href=\"https:\/\/museopicassomalaga.org\/\" target=\"_blank\" rel=\"noopener\">Museo Picasso en M\u00e1laga<\/a><\/li>\n<li><a href=\"https:\/\/www.musicaenaccion.com\/\" target=\"_blank\" rel=\"noopener\">Museo Interactivo de la M\u00fasica, M\u00e1laga<\/a><\/li>\n<li><a href=\"http:\/\/museoimaginacion.com\/\" target=\"_blank\" rel=\"noopener\">Museo de la Imaginaci\u00f3n, M\u00e1laga<\/a><\/li>\n<\/ul>\n<\/div><\/div><\/div><\/div><\/div><div class=\"w-tabs-section\" id=\"da70\"><button class=\"w-tabs-section-header\" aria-controls=\"content-da70\" aria-expanded=\"false\"><h2 class=\"w-tabs-section-title\">M\u00fasica y Espect\u00e1culo<\/h2><div class=\"w-tabs-section-control\"><\/div><\/button><div  class=\"w-tabs-section-content\" id=\"content-da70\"><div class=\"w-tabs-section-content-h i-cf\"><div class=\"wpb_text_column list-icon\"><div class=\"wpb_wrapper\"><ul>\n<li><a href=\"https:\/\/www.cuevadenerja.es\/\" target=\"_blank\" rel=\"noopener\">Eventos en las Cuevas de Nerja<\/a><\/li>\n<li><a href=\"https:\/\/starlitemarbella.com\/es\/\" target=\"_blank\" rel=\"noopener\">Starlite Marbella<\/a><\/li>\n<li><a href=\"https:\/\/marenostrumfuengirola.com\/\" target=\"_blank\" rel=\"noopener\">Mare Nostrum, Fuengirola<\/a><\/li>\n<\/ul>\n<\/div><\/div><\/div><\/div><\/div><div class=\"w-tabs-section\" id=\"vd59\"><button class=\"w-tabs-section-header\" aria-controls=\"content-vd59\" aria-expanded=\"false\"><h2 class=\"w-tabs-section-title\">Mercadillos en la zona<\/h2><div class=\"w-tabs-section-control\"><\/div><\/button><div  class=\"w-tabs-section-content\" id=\"content-vd59\"><div class=\"w-tabs-section-content-h i-cf\"><div class=\"wpb_text_column list-icon\"><div class=\"wpb_wrapper\"><p>DE 10H A 13:30H<\/p>\n<ul>\n<li>LUNES<br \/>\nTORROX PUEBLO \u2013 TORROX COSTA \u2013 CANILLAS DE ALBAIDA<\/li>\n<li>MARTES<br \/>\nNERJA \u2013 MOTRIL \u2013 SALOBRE\u00d1A \u2013 BENAMOCARRA<\/li>\n<li>MIERCOLES<br \/>\nALGARROBO COSTA \u2013 RINCON DE LA VICTORIA \u2013 ARCHEZ &#8211; PERIANA<\/li>\n<li>JUEVES<br \/>\nFRIGILIANA \u2013 TORRE DEL MAR \u2013 V\u00c9LEZ M\u00c1LAGA<\/li>\n<li>VIERNES<br \/>\nMOTRIL \u2013 ALMU\u00d1ECAR \u2013 LA CALA DEL MORAL \u2013 SAYALONGA<\/li>\n<li>SABADOS<br \/>\nCALETA DE VELEZ \u2013 C\u00d3MPETA \u2013 TORROX PUEBLO (ARTESANAL)<\/li>\n<li>DOMINGOS<br \/>\nM\u00c1LAGA (ESTADIO DE F\u00daTBOL) \u2013 NERJA (RASTRO\/BOOT SALE)<\/li>\n<\/ul>\n<\/div><\/div><\/div><\/div><\/div><div class=\"w-tabs-section\" id=\"f00c\"><button class=\"w-tabs-section-header\" aria-controls=\"content-f00c\" aria-expanded=\"false\"><h2 class=\"w-tabs-section-title\">Entretenimiento<\/h2><div class=\"w-tabs-section-control\"><\/div><\/button><div  class=\"w-tabs-section-content\" id=\"content-f00c\"><div class=\"w-tabs-section-content-h i-cf\"><div class=\"wpb_text_column list-icon\"><div class=\"wpb_wrapper\"><ul>\n<li aria-level=\"1\"><a href=\"http:\/\/casinotorrequebrada.com\/\" target=\"_blank\" rel=\"noopener\">Casino Torrequebrada<\/a><br \/>\nAvenida del Sol s\/n, Benalm\u00e1dena Tel\u00e9f. 952 57 73 00<\/li>\n<li aria-level=\"1\"><a href=\"https:\/\/www.balnearios.bz\/\" target=\"_blank\" rel=\"noopener\">Para\u00edso de Agua Balneario-Spa<\/a><br \/>\nJunto a Playa Torrecilla, Nerja<\/li>\n<\/ul>\n<\/div><\/div><\/div><\/div><\/div><div class=\"w-tabs-section\" id=\"i349\"><button class=\"w-tabs-section-header\" aria-controls=\"content-i349\" aria-expanded=\"false\"><h2 class=\"w-tabs-section-title\">Cine<\/h2><div class=\"w-tabs-section-control\"><\/div><\/button><div  class=\"w-tabs-section-content\" id=\"content-i349\"><div class=\"w-tabs-section-content-h i-cf\"><div class=\"wpb_text_column list-icon\"><div class=\"wpb_wrapper\"><ul>\n<li aria-level=\"1\"><a href=\"https:\/\/www.elingenio.es\/\" target=\"_blank\" rel=\"noopener\">Centro comercial El Ingenio<\/a><br \/>\nTel\u00e9f. 952 54 72 67<\/li>\n<li aria-level=\"1\"><a href=\"https:\/\/www.ccrincondelavictoria.com\/\" target=\"_blank\" rel=\"noopener\">Centro comercial Rinc\u00f3n de la Victoria<\/a><br \/>\nTel\u00e9f. 952 97 85 00<\/li>\n<\/ul>\n<\/div><\/div><\/div><\/div><\/div><\/div><\/div><\/div><\/div><\/div><\/div><\/div><\/section>\n","protected":false},"excerpt":{"rendered":"","protected":false},"author":1,"featured_media":0,"parent":0,"menu_order":0,"comment_status":"closed","ping_status":"closed","template":"","meta":{"_acf_changed":false,"footnotes":""},"class_list":["post-2796","page","type-page","status-publish","hentry"],"acf":[],"yoast_head":"<!-- This site is optimized with the Yoast SEO plugin v27.2 - https:\/\/yoast.com\/product\/yoast-seo-wordpress\/ -->\n<title>Kultur | Camping el Pino<\/title>\n<meta name=\"robots\" content=\"index, follow, max-snippet:-1, max-image-preview:large, max-video-preview:-1\" \/>\n<link rel=\"canonical\" href=\"https:\/\/www.campingelpino.com\/de\/kultur\/\" \/>\n<meta property=\"og:locale\" content=\"de_DE\" \/>\n<meta property=\"og:type\" content=\"article\" \/>\n<meta property=\"og:title\" content=\"Kultur | Camping el Pino\" \/>\n<meta property=\"og:url\" content=\"https:\/\/www.campingelpino.com\/de\/kultur\/\" \/>\n<meta property=\"og:site_name\" content=\"Camping el Pino\" \/>\n<meta property=\"article:modified_time\" content=\"2023-06-23T11:09:15+00:00\" \/>\n<meta property=\"og:image\" content=\"https:\/\/www.campingelpino.com\/wp-content\/uploads\/2023\/05\/bungalow1.jpg\" \/>\n\t<meta property=\"og:image:width\" content=\"1300\" \/>\n\t<meta property=\"og:image:height\" content=\"867\" \/>\n\t<meta property=\"og:image:type\" content=\"image\/jpeg\" \/>\n<meta name=\"twitter:card\" content=\"summary_large_image\" \/>\n<meta name=\"twitter:label1\" content=\"Gesch\u00e4tzte Lesezeit\" \/>\n\t<meta name=\"twitter:data1\" content=\"2\u00a0Minuten\" \/>\n<script type=\"application\/ld+json\" class=\"yoast-schema-graph\">{\"@context\":\"https:\/\/schema.org\",\"@graph\":[{\"@type\":\"WebPage\",\"@id\":\"https:\/\/www.campingelpino.com\/de\/kultur\/\",\"url\":\"https:\/\/www.campingelpino.com\/de\/kultur\/\",\"name\":\"Kultur | Camping el Pino\",\"isPartOf\":{\"@id\":\"https:\/\/www.campingelpino.com\/de\/#website\"},\"datePublished\":\"2023-06-13T15:25:53+00:00\",\"dateModified\":\"2023-06-23T11:09:15+00:00\",\"breadcrumb\":{\"@id\":\"https:\/\/www.campingelpino.com\/de\/kultur\/#breadcrumb\"},\"inLanguage\":\"de\",\"potentialAction\":[{\"@type\":\"ReadAction\",\"target\":[\"https:\/\/www.campingelpino.com\/de\/kultur\/\"]}]},{\"@type\":\"BreadcrumbList\",\"@id\":\"https:\/\/www.campingelpino.com\/de\/kultur\/#breadcrumb\",\"itemListElement\":[{\"@type\":\"ListItem\",\"position\":1,\"name\":\"Portada\",\"item\":\"https:\/\/www.campingelpino.com\/de\/\"},{\"@type\":\"ListItem\",\"position\":2,\"name\":\"Kultur\"}]},{\"@type\":\"WebSite\",\"@id\":\"https:\/\/www.campingelpino.com\/de\/#website\",\"url\":\"https:\/\/www.campingelpino.com\/de\/\",\"name\":\"Camping el Pino\",\"description\":\"\",\"publisher\":{\"@id\":\"https:\/\/www.campingelpino.com\/de\/#organization\"},\"potentialAction\":[{\"@type\":\"SearchAction\",\"target\":{\"@type\":\"EntryPoint\",\"urlTemplate\":\"https:\/\/www.campingelpino.com\/de\/?s={search_term_string}\"},\"query-input\":{\"@type\":\"PropertyValueSpecification\",\"valueRequired\":true,\"valueName\":\"search_term_string\"}}],\"inLanguage\":\"de\"},{\"@type\":\"Organization\",\"@id\":\"https:\/\/www.campingelpino.com\/de\/#organization\",\"name\":\"Camping el Pino\",\"url\":\"https:\/\/www.campingelpino.com\/de\/\",\"logo\":{\"@type\":\"ImageObject\",\"inLanguage\":\"de\",\"@id\":\"https:\/\/www.campingelpino.com\/de\/#\/schema\/logo\/image\/\",\"url\":\"https:\/\/www.campingelpino.com\/wp-content\/uploads\/2023\/05\/logo-campingelpino-complete.png\",\"contentUrl\":\"https:\/\/www.campingelpino.com\/wp-content\/uploads\/2023\/05\/logo-campingelpino-complete.png\",\"width\":269,\"height\":150,\"caption\":\"Camping el Pino\"},\"image\":{\"@id\":\"https:\/\/www.campingelpino.com\/de\/#\/schema\/logo\/image\/\"}}]}<\/script>\n<!-- \/ Yoast SEO plugin. -->","yoast_head_json":{"title":"Kultur | Camping el Pino","robots":{"index":"index","follow":"follow","max-snippet":"max-snippet:-1","max-image-preview":"max-image-preview:large","max-video-preview":"max-video-preview:-1"},"canonical":"https:\/\/www.campingelpino.com\/de\/kultur\/","og_locale":"de_DE","og_type":"article","og_title":"Kultur | Camping el Pino","og_url":"https:\/\/www.campingelpino.com\/de\/kultur\/","og_site_name":"Camping el Pino","article_modified_time":"2023-06-23T11:09:15+00:00","og_image":[{"width":1300,"height":867,"url":"https:\/\/www.campingelpino.com\/wp-content\/uploads\/2023\/05\/bungalow1.jpg","type":"image\/jpeg"}],"twitter_card":"summary_large_image","twitter_misc":{"Gesch\u00e4tzte Lesezeit":"2\u00a0Minuten"},"schema":{"@context":"https:\/\/schema.org","@graph":[{"@type":"WebPage","@id":"https:\/\/www.campingelpino.com\/de\/kultur\/","url":"https:\/\/www.campingelpino.com\/de\/kultur\/","name":"Kultur | Camping el Pino","isPartOf":{"@id":"https:\/\/www.campingelpino.com\/de\/#website"},"datePublished":"2023-06-13T15:25:53+00:00","dateModified":"2023-06-23T11:09:15+00:00","breadcrumb":{"@id":"https:\/\/www.campingelpino.com\/de\/kultur\/#breadcrumb"},"inLanguage":"de","potentialAction":[{"@type":"ReadAction","target":["https:\/\/www.campingelpino.com\/de\/kultur\/"]}]},{"@type":"BreadcrumbList","@id":"https:\/\/www.campingelpino.com\/de\/kultur\/#breadcrumb","itemListElement":[{"@type":"ListItem","position":1,"name":"Portada","item":"https:\/\/www.campingelpino.com\/de\/"},{"@type":"ListItem","position":2,"name":"Kultur"}]},{"@type":"WebSite","@id":"https:\/\/www.campingelpino.com\/de\/#website","url":"https:\/\/www.campingelpino.com\/de\/","name":"Camping el Pino","description":"","publisher":{"@id":"https:\/\/www.campingelpino.com\/de\/#organization"},"potentialAction":[{"@type":"SearchAction","target":{"@type":"EntryPoint","urlTemplate":"https:\/\/www.campingelpino.com\/de\/?s={search_term_string}"},"query-input":{"@type":"PropertyValueSpecification","valueRequired":true,"valueName":"search_term_string"}}],"inLanguage":"de"},{"@type":"Organization","@id":"https:\/\/www.campingelpino.com\/de\/#organization","name":"Camping el Pino","url":"https:\/\/www.campingelpino.com\/de\/","logo":{"@type":"ImageObject","inLanguage":"de","@id":"https:\/\/www.campingelpino.com\/de\/#\/schema\/logo\/image\/","url":"https:\/\/www.campingelpino.com\/wp-content\/uploads\/2023\/05\/logo-campingelpino-complete.png","contentUrl":"https:\/\/www.campingelpino.com\/wp-content\/uploads\/2023\/05\/logo-campingelpino-complete.png","width":269,"height":150,"caption":"Camping el Pino"},"image":{"@id":"https:\/\/www.campingelpino.com\/de\/#\/schema\/logo\/image\/"}}]}},"_links":{"self":[{"href":"https:\/\/www.campingelpino.com\/de\/wp-json\/wp\/v2\/pages\/2796","targetHints":{"allow":["GET"]}}],"collection":[{"href":"https:\/\/www.campingelpino.com\/de\/wp-json\/wp\/v2\/pages"}],"about":[{"href":"https:\/\/www.campingelpino.com\/de\/wp-json\/wp\/v2\/types\/page"}],"author":[{"embeddable":true,"href":"https:\/\/www.campingelpino.com\/de\/wp-json\/wp\/v2\/users\/1"}],"replies":[{"embeddable":true,"href":"https:\/\/www.campingelpino.com\/de\/wp-json\/wp\/v2\/comments?post=2796"}],"version-history":[{"count":1,"href":"https:\/\/www.campingelpino.com\/de\/wp-json\/wp\/v2\/pages\/2796\/revisions"}],"predecessor-version":[{"id":2797,"href":"https:\/\/www.campingelpino.com\/de\/wp-json\/wp\/v2\/pages\/2796\/revisions\/2797"}],"wp:attachment":[{"href":"https:\/\/www.campingelpino.com\/de\/wp-json\/wp\/v2\/media?parent=2796"}],"curies":[{"name":"wp","href":"https:\/\/api.w.org\/{rel}","templated":true}]}}